{"id":4920,"date":"2024-12-26T17:02:13","date_gmt":"2024-12-26T17:02:13","guid":{"rendered":"https:\/\/confluence-perou.com\/?post_type=product&#038;p=4920"},"modified":"2025-09-18T09:16:38","modified_gmt":"2025-09-18T09:16:38","slug":"muku-knit-baby-mittens-copia","status":"publish","type":"product","link":"https:\/\/confluence-perou.com\/es\/producto\/muku-knit-baby-mittens-copia\/","title":{"rendered":"Gorra de llama tejida Muku"},"content":{"rendered":"<p>Gorro de beb\u00e9 divertido y acogedor con orejas de llama, tejido a mano en una mezcla ultrasuave de alpaca beb\u00e9 y algod\u00f3n pima. Ideal para abrigar la cabeza. Elaborado artesanalmente, uno a uno, por maestros artesanos andinos en el Valle Sagrado, sus ligeras variaciones hacen que cada pieza sea verdaderamente \u00fanica.<\/p>\n<p>La colecci\u00f3n para beb\u00e9s Muku est\u00e1 tejida a mano \u00edntegramente con alpaca beb\u00e9 y algod\u00f3n pima. El t\u00e9rmino &#034;Baby Alpaca&#034; se refiere a la finura de la fibra. Es la parte m\u00e1s suave de una alpaca adulta (generalmente el pecho), no su edad. Las alpacas son originarias de los Andes, criadas a gran altitud y en climas fr\u00edos, lo que las hace verdaderamente especiales. La alpaca beb\u00e9 es la fibra perfecta para reci\u00e9n nacidos porque es 100 % hipoalerg\u00e9nica y se siente suave como la cachemira, ligera y transpirable. Adem\u00e1s, es una fibra renovable y biodegradable, y lo mejor de todo, la alpaca beb\u00e9 es naturalmente resistente al agua. Tu peque\u00f1o se merece lo mejor.<\/p>\n<p>\u2022 Talla: 6\u201312 meses<br \/>\n\u2022 Material: 100% lana de alpaca beb\u00e9 y algod\u00f3n pima, tinte no t\u00f3xico<br \/>\n\u2022 Cuidado: Lavar a mano con agua fr\u00eda.<br \/>\n\u2022 Hecho a mano en Per\u00fa por artesanos andinos<br \/>\n\u2022 Cada sombrero es \u00fanico<br \/>\n\u2022 Envases libres de pl\u00e1stico y biopl\u00e1stico<\/p>","protected":false},"excerpt":{"rendered":"<p>Bonnet b\u00e9b\u00e9 ludique et douillet avec oreilles de lama, tricot\u00e9 \u00e0 la main dans un m\u00e9lange ultra doux de baby [&hellip;]<\/p>\n","protected":false},"featured_media":4794,"comment_status":"open","ping_status":"closed","template":"","meta":{"_acf_changed":false,"site-sidebar-layout":"default","site-content-layout":"","ast-site-content-layout":"default","site-content-style":"default","site-sidebar-style":"default","ast-global-header-display":"","ast-banner-title-visibility":"","ast-main-header-display":"","ast-hfb-above-header-display":"","ast-hfb-below-header-display":"","ast-hfb-mobile-header-display":"","site-post-title":"","ast-breadcrumbs-content":"","ast-featured-img":"","footer-sml-layout":"","ast-disable-related-posts":"","theme-transparent-header-meta":"default","adv-header-id-meta":"","stick-header-meta":"","header-above-stick-meta":"","header-main-stick-meta":"","header-below-stick-meta":"","astra-migrate-meta-layouts":"set","ast-page-background-enabled":"default","ast-page-background-meta":{"desktop":{"background-color":"var(--ast-global-color-5)","background-image":"","background-repeat":"repeat","background-position":"center center","background-size":"auto","background-attachment":"scroll","background-type":"","background-media":"","overlay-type":"","overlay-color":"","overlay-opacity":"","overlay-gradient":""},"tablet":{"background-color":"","background-image":"","background-repeat":"repeat","background-position":"center center","background-size":"auto","background-attachment":"scroll","background-type":"","background-media":"","overlay-type":"","overlay-color":"","overlay-opacity":"","overlay-gradient":""},"mobile":{"background-color":"","background-image":"","background-repeat":"repeat","background-position":"center center","background-size":"auto","background-attachment":"scroll","background-type":"","background-media":"","overlay-type":"","overlay-color":"","overlay-opacity":"","overlay-gradient":""}},"ast-content-background-meta":{"desktop":{"background-color":"var(--ast-global-color-4)","background-image":"","background-repeat":"repeat","background-position":"center center","background-size":"auto","background-attachment":"scroll","background-type":"","background-media":"","overlay-type":"","overlay-color":"","overlay-opacity":"","overlay-gradient":""},"tablet":{"background-color":"var(--ast-global-color-4)","background-image":"","background-repeat":"repeat","background-position":"center center","background-size":"auto","background-attachment":"scroll","background-type":"","background-media":"","overlay-type":"","overlay-color":"","overlay-opacity":"","overlay-gradient":""},"mobile":{"background-color":"var(--ast-global-color-4)","background-image":"","background-repeat":"repeat","background-position":"center center","background-size":"auto","background-attachment":"scroll","background-type":"","background-media":"","overlay-type":"","overlay-color":"","overlay-opacity":"","overlay-gradient":""}}},"tipo-de-destino":[],"product_brand":[],"product_cat":[120,69,24],"product_tag":[],"producto-p":[],"class_list":{"0":"post-4920","1":"product","2":"type-product","3":"status-publish","4":"has-post-thumbnail","6":"product_cat-accessoires","7":"product_cat-boutique","8":"product_cat-ropa","9":"desktop-align-left","10":"tablet-align-left","11":"mobile-align-left","13":"first","14":"instock","15":"shipping-taxable","16":"purchasable","17":"product-type-variable"},"exclude_global_add_ons":false,"addons":[{"name":"Disponible","type":"heading","position":0,"required":false,"title_format":"label","default":"","description_enable":true,"description":"Env\u00edo gratis. \u00a1La moda m\u00e1s responsable empieza aqu\u00ed!","placeholder_enable":false,"placeholder":"","display":"select","restrictions_type":"any_text","adjust_price":false,"price":"","price_type":"flat_fee","restrictions":false,"min":"0","max":"0","options":[],"id":1744407503},{"name":"A propos d'Awamaki","type":"heading","position":1,"required":false,"title_format":"label","default":"","description_enable":true,"description":"En el coraz\u00f3n de los Andes peruanos, cerca de Ollantaytambo, las artesanas tejen m\u00e1s que textiles: construyen un futuro sostenible. Cada pieza, hecha a mano con t\u00e9cnicas ancestrales, les facilita el acceso a la educaci\u00f3n y a su independencia econ\u00f3mica. Con Awamaki, promueves su experiencia y contribuyes a un comercio m\u00e1s justo. <a href=\"https:\/\/vimeo.com\/228854621\" target=\"_blank\" style=\"color: #00BFFF;text-decoration: underline\">V\u00eddeo de presentaci\u00f3n<\/a>","placeholder_enable":false,"placeholder":"","display":"select","restrictions_type":"any_text","adjust_price":false,"price":"","price_type":"flat_fee","restrictions":false,"min":"0","max":"0","options":[],"id":1744407504},{"name":"Adultos","type":"input_multiplier","position":0,"required":false,"title_format":"label","default":"","description_enable":false,"description":"","placeholder_enable":false,"placeholder":"","display":"select","restrictions_type":"any_text","adjust_price":true,"price":"500","price_type":"quantity_based","restrictions":true,"min":"1","max":"10","options":[],"id":1738190084},{"name":"Ni\u00f1os","type":"input_multiplier","position":1,"required":false,"title_format":"label","default":"","description_enable":false,"description":"","placeholder_enable":false,"placeholder":"","display":"select","restrictions_type":"any_text","adjust_price":true,"price":"450","price_type":"quantity_based","restrictions":true,"min":"0","max":"10","options":[],"id":1738203047},{"name":"Fechas de viaje","type":"datepicker","position":2,"required":true,"title_format":"label","default":"","description_enable":false,"description":"","placeholder_enable":false,"placeholder":"","display":"select","restrictions_type":"any_text","adjust_price":false,"price":"","price_type":"flat_fee","restrictions":false,"min":"0","max":"0","options":[],"id":1738203218},{"name":"Fecha de finalizaci\u00f3n","type":"datepicker","position":3,"required":false,"title_format":"label","default":"","description_enable":false,"description":"","placeholder_enable":false,"placeholder":"","display":"select","restrictions_type":"any_text","adjust_price":false,"price":"","price_type":"flat_fee","restrictions":false,"min":"0","max":"0","options":[],"id":1739208936},{"name":"Idioma hablado","type":"multiple_choice","position":4,"required":true,"title_format":"label","default":"","description_enable":false,"description":"","placeholder_enable":false,"placeholder":"","display":"select","restrictions_type":"any_text","adjust_price":false,"price":"","price_type":"flat_fee","restrictions":false,"min":"0","max":"0","options":[{"label":"Espa\u00f1ol","price":"","price_type":"flat_fee","image":0,"visibility":true},{"label":"Ingles","price":"","price_type":"flat_fee","image":0,"visibility":true},{"label":"Frances","price":"","price_type":"flat_fee","image":0,"visibility":true}],"id":1738203762},{"name":"Pa\u00eds de procedencia","type":"custom_text","position":5,"required":true,"title_format":"label","default":"","description_enable":false,"description":"","placeholder_enable":false,"placeholder":"","display":"select","restrictions_type":"only_letters","adjust_price":false,"price":"","price_type":"flat_fee","restrictions":false,"min":"0","max":"0","options":[],"id":1738203944},{"name":"Nombre completo","type":"custom_text","position":6,"required":false,"title_format":"label","default":"","description_enable":false,"description":"","placeholder_enable":true,"placeholder":"ingrese su nombre completo","display":"select","restrictions_type":"only_letters","adjust_price":false,"price":"","price_type":"flat_fee","restrictions":false,"min":"0","max":"0","options":[],"id":1738204184},{"name":"Direcci\u00f3n de correo electr\u00f3nico","type":"custom_text","position":7,"required":true,"title_format":"label","default":"","description_enable":false,"description":"","placeholder_enable":false,"placeholder":"","display":"select","restrictions_type":"email","adjust_price":false,"price":"","price_type":"flat_fee","restrictions":false,"min":"0","max":"0","options":[],"id":1738204368}],"acf":[],"_links":{"self":[{"href":"https:\/\/confluence-perou.com\/es\/wp-json\/wp\/v2\/product\/4920","targetHints":{"allow":["GET"]}}],"collection":[{"href":"https:\/\/confluence-perou.com\/es\/wp-json\/wp\/v2\/product"}],"about":[{"href":"https:\/\/confluence-perou.com\/es\/wp-json\/wp\/v2\/types\/product"}],"replies":[{"embeddable":true,"href":"https:\/\/confluence-perou.com\/es\/wp-json\/wp\/v2\/comments?post=4920"}],"wp:featuredmedia":[{"embeddable":true,"href":"https:\/\/confluence-perou.com\/es\/wp-json\/wp\/v2\/media\/4794"}],"wp:attachment":[{"href":"https:\/\/confluence-perou.com\/es\/wp-json\/wp\/v2\/media?parent=4920"}],"wp:term":[{"taxonomy":"tipo-de-destino","embeddable":true,"href":"https:\/\/confluence-perou.com\/es\/wp-json\/wp\/v2\/tipo-de-destino?post=4920"},{"taxonomy":"product_brand","embeddable":true,"href":"https:\/\/confluence-perou.com\/es\/wp-json\/wp\/v2\/product_brand?post=4920"},{"taxonomy":"product_cat","embeddable":true,"href":"https:\/\/confluence-perou.com\/es\/wp-json\/wp\/v2\/product_cat?post=4920"},{"taxonomy":"product_tag","embeddable":true,"href":"https:\/\/confluence-perou.com\/es\/wp-json\/wp\/v2\/product_tag?post=4920"},{"taxonomy":"producto-p","embeddable":true,"href":"https:\/\/confluence-perou.com\/es\/wp-json\/wp\/v2\/producto-p?post=4920"}],"curies":[{"name":"wp","href":"https:\/\/api.w.org\/{rel}","templated":true}]}}