{"id":4870,"date":"2025-01-03T17:27:44","date_gmt":"2025-01-03T17:27:44","guid":{"rendered":"https:\/\/confluence-perou.com\/?post_type=product&#038;p=4870"},"modified":"2025-09-18T08:58:32","modified_gmt":"2025-09-18T08:58:32","slug":"small-cosmetic-pouch","status":"publish","type":"product","link":"https:\/\/confluence-perou.com\/es\/producto\/small-cosmetic-pouch\/","title":{"rendered":"Small Cosmetic Pouch"},"content":{"rendered":"<p>Guarda y lleva todos tus productos de cuidado de la piel y belleza en nuestro neceser peque\u00f1o, f\u00e1cil de usar, compacto y con delicadas rayas. Con forro impermeable para una limpieza f\u00e1cil y una movilidad eficiente en todas tus aventuras de viaje.<\/p>\n<p>Cada bolso est\u00e1 tejido a mano, presenta colores vibrantes, un moderno tirador de cremallera con borla y una elegante parte trasera de cuero. Lana de oveja te\u00f1ida no t\u00f3xica, cuero peruano de origen local y una cremallera de lat\u00f3n. Tejido a mano con t\u00e9cnicas textiles tradicionales andinas.<\/p>\n<p>Limpieza localizada. Elaboradas artesanalmente, una a una, por maestros artesanos andinos en el Valle Sagrado, las ligeras variaciones hacen que cada pieza sea verdaderamente \u00fanica.<\/p>\n<ul>\n<li>Hecho a mano en Per\u00fa<\/li>\n<li>Materiales: Lana de oveja te\u00f1ida no t\u00f3xica, cuero peruano, cremallera de bronce.<\/li>\n<li>Dimensiones: 20,3 x 6,4 x 15,2 cm<\/li>\n<li>Peso: 89,99 g<\/li>\n<li>Limpieza: Limpieza a mano<\/li>\n<li>Producido \u00e9ticamente y artesanalmente por maestros artesanos andinos.<\/li>\n<li>Envases libres de pl\u00e1stico y biopl\u00e1stico<\/li>\n<\/ul>","protected":false},"excerpt":{"rendered":"<p>Rangez et emportez tous vos produits de soins de la peau et de beaut\u00e9 dans notre petite trousse \u00e0 cosm\u00e9tiques [&hellip;]<\/p>\n","protected":false},"featured_media":4679,"comment_status":"open","ping_status":"closed","template":"","meta":{"_acf_changed":false,"site-sidebar-layout":"default","site-content-layout":"","ast-site-content-layout":"default","site-content-style":"default","site-sidebar-style":"default","ast-global-header-display":"","ast-banner-title-visibility":"","ast-main-header-display":"","ast-hfb-above-header-display":"","ast-hfb-below-header-display":"","ast-hfb-mobile-header-display":"","site-post-title":"","ast-breadcrumbs-content":"","ast-featured-img":"","footer-sml-layout":"","ast-disable-related-posts":"","theme-transparent-header-meta":"default","adv-header-id-meta":"","stick-header-meta":"","header-above-stick-meta":"","header-main-stick-meta":"","header-below-stick-meta":"","astra-migrate-meta-layouts":"set","ast-page-background-enabled":"default","ast-page-background-meta":{"desktop":{"background-color":"var(--ast-global-color-5)","background-image":"","background-repeat":"repeat","background-position":"center center","background-size":"auto","background-attachment":"scroll","background-type":"","background-media":"","overlay-type":"","overlay-color":"","overlay-opacity":"","overlay-gradient":""},"tablet":{"background-color":"","background-image":"","background-repeat":"repeat","background-position":"center center","background-size":"auto","background-attachment":"scroll","background-type":"","background-media":"","overlay-type":"","overlay-color":"","overlay-opacity":"","overlay-gradient":""},"mobile":{"background-color":"","background-image":"","background-repeat":"repeat","background-position":"center center","background-size":"auto","background-attachment":"scroll","background-type":"","background-media":"","overlay-type":"","overlay-color":"","overlay-opacity":"","overlay-gradient":""}},"ast-content-background-meta":{"desktop":{"background-color":"var(--ast-global-color-4)","background-image":"","background-repeat":"repeat","background-position":"center center","background-size":"auto","background-attachment":"scroll","background-type":"","background-media":"","overlay-type":"","overlay-color":"","overlay-opacity":"","overlay-gradient":""},"tablet":{"background-color":"var(--ast-global-color-4)","background-image":"","background-repeat":"repeat","background-position":"center center","background-size":"auto","background-attachment":"scroll","background-type":"","background-media":"","overlay-type":"","overlay-color":"","overlay-opacity":"","overlay-gradient":""},"mobile":{"background-color":"var(--ast-global-color-4)","background-image":"","background-repeat":"repeat","background-position":"center center","background-size":"auto","background-attachment":"scroll","background-type":"","background-media":"","overlay-type":"","overlay-color":"","overlay-opacity":"","overlay-gradient":""}}},"tipo-de-destino":[],"product_brand":[],"product_cat":[120,69],"product_tag":[],"producto-p":[],"class_list":{"0":"post-4870","1":"product","2":"type-product","3":"status-publish","4":"has-post-thumbnail","6":"product_cat-accessoires","7":"product_cat-boutique","8":"desktop-align-left","9":"tablet-align-left","10":"mobile-align-left","12":"first","13":"instock","14":"shipping-taxable","15":"purchasable","16":"product-type-variable"},"exclude_global_add_ons":false,"addons":[{"name":"Disponible","type":"heading","position":0,"required":false,"title_format":"label","default":"","description_enable":true,"description":"Env\u00edo gratuito. \u00a1Un consumo m\u00e1s responsable empieza aqu\u00ed!","placeholder_enable":false,"placeholder":"","display":"select","restrictions_type":"any_text","adjust_price":false,"price":"","price_type":"flat_fee","restrictions":false,"min":"0","max":"0","options":[],"id":1744409071},{"name":"A propos d'Awamaki","type":"heading","position":1,"required":false,"title_format":"label","default":"","description_enable":true,"description":"En el coraz\u00f3n de los Andes peruanos, cerca de Ollantaytambo, las artesanas tejen m\u00e1s que textiles: construyen un futuro sostenible. Cada pieza, hecha a mano con t\u00e9cnicas ancestrales, les facilita el acceso a la educaci\u00f3n y a su independencia econ\u00f3mica. Con Awamaki, promueves su experiencia y contribuyes a un comercio m\u00e1s justo. <a href=\"https:\/\/vimeo.com\/228854621\" target=\"_blank\" style=\"color: #00BFFF;text-decoration: underline\">V\u00eddeo de presentaci\u00f3n<\/a>","placeholder_enable":false,"placeholder":"","display":"select","restrictions_type":"any_text","adjust_price":false,"price":"","price_type":"flat_fee","restrictions":false,"min":"0","max":"0","options":[],"id":1744409072},{"name":"Adultos","type":"input_multiplier","position":0,"required":false,"title_format":"label","default":"","description_enable":false,"description":"","placeholder_enable":false,"placeholder":"","display":"select","restrictions_type":"any_text","adjust_price":true,"price":"500","price_type":"quantity_based","restrictions":true,"min":"1","max":"10","options":[],"id":1738190084},{"name":"Ni\u00f1os","type":"input_multiplier","position":1,"required":false,"title_format":"label","default":"","description_enable":false,"description":"","placeholder_enable":false,"placeholder":"","display":"select","restrictions_type":"any_text","adjust_price":true,"price":"450","price_type":"quantity_based","restrictions":true,"min":"0","max":"10","options":[],"id":1738203047},{"name":"Fechas de viaje","type":"datepicker","position":2,"required":true,"title_format":"label","default":"","description_enable":false,"description":"","placeholder_enable":false,"placeholder":"","display":"select","restrictions_type":"any_text","adjust_price":false,"price":"","price_type":"flat_fee","restrictions":false,"min":"0","max":"0","options":[],"id":1738203218},{"name":"Fecha de finalizaci\u00f3n","type":"datepicker","position":3,"required":false,"title_format":"label","default":"","description_enable":false,"description":"","placeholder_enable":false,"placeholder":"","display":"select","restrictions_type":"any_text","adjust_price":false,"price":"","price_type":"flat_fee","restrictions":false,"min":"0","max":"0","options":[],"id":1739208936},{"name":"Idioma hablado","type":"multiple_choice","position":4,"required":true,"title_format":"label","default":"","description_enable":false,"description":"","placeholder_enable":false,"placeholder":"","display":"select","restrictions_type":"any_text","adjust_price":false,"price":"","price_type":"flat_fee","restrictions":false,"min":"0","max":"0","options":[{"label":"Espa\u00f1ol","price":"","price_type":"flat_fee","image":0,"visibility":true},{"label":"Ingles","price":"","price_type":"flat_fee","image":0,"visibility":true},{"label":"Frances","price":"","price_type":"flat_fee","image":0,"visibility":true}],"id":1738203762},{"name":"Pa\u00eds de procedencia","type":"custom_text","position":5,"required":true,"title_format":"label","default":"","description_enable":false,"description":"","placeholder_enable":false,"placeholder":"","display":"select","restrictions_type":"only_letters","adjust_price":false,"price":"","price_type":"flat_fee","restrictions":false,"min":"0","max":"0","options":[],"id":1738203944},{"name":"Nombre completo","type":"custom_text","position":6,"required":false,"title_format":"label","default":"","description_enable":false,"description":"","placeholder_enable":true,"placeholder":"ingrese su nombre completo","display":"select","restrictions_type":"only_letters","adjust_price":false,"price":"","price_type":"flat_fee","restrictions":false,"min":"0","max":"0","options":[],"id":1738204184},{"name":"Direcci\u00f3n de correo electr\u00f3nico","type":"custom_text","position":7,"required":true,"title_format":"label","default":"","description_enable":false,"description":"","placeholder_enable":false,"placeholder":"","display":"select","restrictions_type":"email","adjust_price":false,"price":"","price_type":"flat_fee","restrictions":false,"min":"0","max":"0","options":[],"id":1738204368}],"acf":[],"_links":{"self":[{"href":"https:\/\/confluence-perou.com\/es\/wp-json\/wp\/v2\/product\/4870","targetHints":{"allow":["GET"]}}],"collection":[{"href":"https:\/\/confluence-perou.com\/es\/wp-json\/wp\/v2\/product"}],"about":[{"href":"https:\/\/confluence-perou.com\/es\/wp-json\/wp\/v2\/types\/product"}],"replies":[{"embeddable":true,"href":"https:\/\/confluence-perou.com\/es\/wp-json\/wp\/v2\/comments?post=4870"}],"wp:featuredmedia":[{"embeddable":true,"href":"https:\/\/confluence-perou.com\/es\/wp-json\/wp\/v2\/media\/4679"}],"wp:attachment":[{"href":"https:\/\/confluence-perou.com\/es\/wp-json\/wp\/v2\/media?parent=4870"}],"wp:term":[{"taxonomy":"tipo-de-destino","embeddable":true,"href":"https:\/\/confluence-perou.com\/es\/wp-json\/wp\/v2\/tipo-de-destino?post=4870"},{"taxonomy":"product_brand","embeddable":true,"href":"https:\/\/confluence-perou.com\/es\/wp-json\/wp\/v2\/product_brand?post=4870"},{"taxonomy":"product_cat","embeddable":true,"href":"https:\/\/confluence-perou.com\/es\/wp-json\/wp\/v2\/product_cat?post=4870"},{"taxonomy":"product_tag","embeddable":true,"href":"https:\/\/confluence-perou.com\/es\/wp-json\/wp\/v2\/product_tag?post=4870"},{"taxonomy":"producto-p","embeddable":true,"href":"https:\/\/confluence-perou.com\/es\/wp-json\/wp\/v2\/producto-p?post=4870"}],"curies":[{"name":"wp","href":"https:\/\/api.w.org\/{rel}","templated":true}]}}