{"id":3749,"date":"2025-03-06T19:22:56","date_gmt":"2025-03-06T19:22:56","guid":{"rendered":"https:\/\/confluence-perou.com\/?post_type=product&#038;p=3749"},"modified":"2025-03-12T22:34:06","modified_gmt":"2025-03-12T22:34:06","slug":"du-salkantay-a-cite-sacree","status":"publish","type":"product","link":"https:\/\/confluence-perou.com\/es\/producto\/du-salkantay-a-cite-sacree\/","title":{"rendered":"De Salkantay a la ciudad sagrada"},"content":{"rendered":"<p data-start=\"180\" data-end=\"503\">Plongez au coeur d&rsquo;une aventure inoubliable entre nature et histoire !<\/p>\n<p data-start=\"180\" data-end=\"503\">A su llegada, d\u00e9jese transportar en un paseo a caballo hasta la impresionante fortaleza de <strong data-start=\"425\" data-end=\"441\">Sacsayhuam\u00e1n<\/strong>, antes de explorar lo m\u00edstico a pie <strong data-start=\"479\" data-end=\"500\">Templo de la Luna<\/strong>.<\/p>\n<p data-start=\"505\" data-end=\"851\">Al d\u00eda siguiente, marav\u00edllate con los colores del famoso <strong data-start=\"579\" data-end=\"603\">Monta\u00f1a arcoiris<\/strong>, un espect\u00e1culo natural impresionante. Entonces, llega el momento del desaf\u00edo definitivo: un <strong data-start=\"680\" data-end=\"725\">Caminata \u00e9pica por los senderos del Salkantay<\/strong>, atravesando paisajes salvajes y majestuosos hasta llegar a los m\u00edticos <strong data-start=\"792\" data-end=\"808\">Machu Picchu<\/strong>, donde experimentar\u00e1s un momento fuera del tiempo.<\/p>\n<p data-start=\"853\" data-end=\"985\"><strong data-start=\"857\" data-end=\"913\">\u00a1Te esperan aventura, cultura y maravillas!<\/strong> \u00bfEst\u00e1s listo para vivir una experiencia inolvidable en el coraz\u00f3n de los Andes?<\/p>","protected":false},"excerpt":{"rendered":"<p>Descubra Cusco y la colorida monta\u00f1a <strong data-start=\"42\" data-end=\"55\">Vinicunca<\/strong>, antes de empezar la <strong data-start=\"86\" data-end=\"107\">Caminata a Salkantay<\/strong>, una aventura de 4 d\u00edas a trav\u00e9s de monta\u00f1as, selva y sitios incas. Termine con estilo con una visita al <strong data-start=\"214\" data-end=\"230\">Machu Picchu<\/strong>\u00a1Joya m\u00edtica de los Andes!<\/p>","protected":false},"featured_media":3312,"comment_status":"open","ping_status":"closed","template":"","meta":{"_acf_changed":false,"site-sidebar-layout":"default","site-content-layout":"","ast-site-content-layout":"default","site-content-style":"default","site-sidebar-style":"default","ast-global-header-display":"","ast-banner-title-visibility":"","ast-main-header-display":"","ast-hfb-above-header-display":"","ast-hfb-below-header-display":"","ast-hfb-mobile-header-display":"","site-post-title":"","ast-breadcrumbs-content":"","ast-featured-img":"","footer-sml-layout":"","ast-disable-related-posts":"","theme-transparent-header-meta":"default","adv-header-id-meta":"","stick-header-meta":"","header-above-stick-meta":"","header-main-stick-meta":"","header-below-stick-meta":"","astra-migrate-meta-layouts":"set","ast-page-background-enabled":"default","ast-page-background-meta":{"desktop":{"background-color":"var(--ast-global-color-5)","background-image":"","background-repeat":"repeat","background-position":"center center","background-size":"auto","background-attachment":"scroll","background-type":"","background-media":"","overlay-type":"","overlay-color":"","overlay-opacity":"","overlay-gradient":""},"tablet":{"background-color":"","background-image":"","background-repeat":"repeat","background-position":"center center","background-size":"auto","background-attachment":"scroll","background-type":"","background-media":"","overlay-type":"","overlay-color":"","overlay-opacity":"","overlay-gradient":""},"mobile":{"background-color":"","background-image":"","background-repeat":"repeat","background-position":"center center","background-size":"auto","background-attachment":"scroll","background-type":"","background-media":"","overlay-type":"","overlay-color":"","overlay-opacity":"","overlay-gradient":""}},"ast-content-background-meta":{"desktop":{"background-color":"var(--ast-global-color-4)","background-image":"","background-repeat":"repeat","background-position":"center center","background-size":"auto","background-attachment":"scroll","background-type":"","background-media":"","overlay-type":"","overlay-color":"","overlay-opacity":"","overlay-gradient":""},"tablet":{"background-color":"var(--ast-global-color-4)","background-image":"","background-repeat":"repeat","background-position":"center center","background-size":"auto","background-attachment":"scroll","background-type":"","background-media":"","overlay-type":"","overlay-color":"","overlay-opacity":"","overlay-gradient":""},"mobile":{"background-color":"var(--ast-global-color-4)","background-image":"","background-repeat":"repeat","background-position":"center center","background-size":"auto","background-attachment":"scroll","background-type":"","background-media":"","overlay-type":"","overlay-color":"","overlay-opacity":"","overlay-gradient":""}}},"tipo-de-destino":[56],"product_brand":[],"product_cat":[72,57,47],"product_tag":[],"producto-p":[],"class_list":{"0":"post-3749","1":"product","2":"type-product","3":"status-publish","4":"has-post-thumbnail","6":"tipo-de-destino-aventura","7":"product_cat-andean","8":"product_cat-cusco","9":"product_cat-region","10":"desktop-align-left","11":"tablet-align-left","12":"mobile-align-left","14":"first","15":"instock","16":"shipping-taxable","17":"purchasable","18":"product-type-simple"},"exclude_global_add_ons":false,"addons":[{"name":"Adultos","type":"input_multiplier","position":0,"required":false,"title_format":"label","default":"","description_enable":false,"description":"","placeholder_enable":false,"placeholder":"","display":"select","restrictions_type":"any_text","adjust_price":true,"price":"2050","price_type":"quantity_based","restrictions":true,"min":"1","max":"10","options":[],"id":1740432740},{"name":"Fechas de viaje","type":"datepicker","position":1,"required":true,"title_format":"label","default":"","description_enable":false,"description":"","placeholder_enable":false,"placeholder":"","display":"select","restrictions_type":"any_text","adjust_price":false,"price":"","price_type":"flat_fee","restrictions":false,"min":"0","max":"0","options":[],"id":1740432742},{"name":"Fecha de finalizaci\u00f3n","type":"datepicker","position":2,"required":false,"title_format":"label","default":"","description_enable":false,"description":"","placeholder_enable":false,"placeholder":"","display":"select","restrictions_type":"any_text","adjust_price":false,"price":"","price_type":"flat_fee","restrictions":false,"min":"0","max":"0","options":[],"id":1740432743},{"name":"Idioma hablado","type":"multiple_choice","position":3,"required":true,"title_format":"label","default":"2","description_enable":false,"description":"","placeholder_enable":false,"placeholder":"","display":"select","restrictions_type":"any_text","adjust_price":false,"price":"","price_type":"flat_fee","restrictions":false,"min":"0","max":"0","options":[{"label":"Espagnol","price":"","price_type":"flat_fee","image":0,"visibility":true},{"label":"Anglais","price":"","price_type":"flat_fee","image":0,"visibility":true},{"label":"Fran\u00e7ais","price":"","price_type":"flat_fee","image":0,"visibility":true}],"id":1740432744},{"name":"Pa\u00eds de procedencia","type":"custom_text","position":4,"required":true,"title_format":"label","default":"","description_enable":false,"description":"","placeholder_enable":false,"placeholder":"","display":"select","restrictions_type":"only_letters","adjust_price":false,"price":"","price_type":"flat_fee","restrictions":false,"min":"0","max":"0","options":[],"id":1740432745},{"name":"Nombre completo","type":"custom_text","position":5,"required":false,"title_format":"label","default":"","description_enable":false,"description":"","placeholder_enable":true,"placeholder":"saisissez votre nom complet","display":"select","restrictions_type":"only_letters","adjust_price":false,"price":"","price_type":"flat_fee","restrictions":false,"min":"0","max":"0","options":[],"id":1740432746},{"name":"Direcci\u00f3n de correo electr\u00f3nico","type":"custom_text","position":6,"required":true,"title_format":"label","default":"","description_enable":false,"description":"","placeholder_enable":false,"placeholder":"","display":"select","restrictions_type":"email","adjust_price":false,"price":"","price_type":"flat_fee","restrictions":false,"min":"0","max":"0","options":[],"id":1740432747},{"name":"Adultos","type":"input_multiplier","position":0,"required":false,"title_format":"label","default":"","description_enable":false,"description":"","placeholder_enable":false,"placeholder":"","display":"select","restrictions_type":"any_text","adjust_price":true,"price":"500","price_type":"quantity_based","restrictions":true,"min":"1","max":"10","options":[],"id":1738190084},{"name":"Ni\u00f1os","type":"input_multiplier","position":1,"required":false,"title_format":"label","default":"","description_enable":false,"description":"","placeholder_enable":false,"placeholder":"","display":"select","restrictions_type":"any_text","adjust_price":true,"price":"450","price_type":"quantity_based","restrictions":true,"min":"0","max":"10","options":[],"id":1738203047},{"name":"Fechas de viaje","type":"datepicker","position":2,"required":true,"title_format":"label","default":"","description_enable":false,"description":"","placeholder_enable":false,"placeholder":"","display":"select","restrictions_type":"any_text","adjust_price":false,"price":"","price_type":"flat_fee","restrictions":false,"min":"0","max":"0","options":[],"id":1738203218},{"name":"Fecha de finalizaci\u00f3n","type":"datepicker","position":3,"required":false,"title_format":"label","default":"","description_enable":false,"description":"","placeholder_enable":false,"placeholder":"","display":"select","restrictions_type":"any_text","adjust_price":false,"price":"","price_type":"flat_fee","restrictions":false,"min":"0","max":"0","options":[],"id":1739208936},{"name":"Idioma hablado","type":"multiple_choice","position":4,"required":true,"title_format":"label","default":"","description_enable":false,"description":"","placeholder_enable":false,"placeholder":"","display":"select","restrictions_type":"any_text","adjust_price":false,"price":"","price_type":"flat_fee","restrictions":false,"min":"0","max":"0","options":[{"label":"Espa\u00f1ol","price":"","price_type":"flat_fee","image":0,"visibility":true},{"label":"Ingles","price":"","price_type":"flat_fee","image":0,"visibility":true},{"label":"Frances","price":"","price_type":"flat_fee","image":0,"visibility":true}],"id":1738203762},{"name":"Pa\u00eds de procedencia","type":"custom_text","position":5,"required":true,"title_format":"label","default":"","description_enable":false,"description":"","placeholder_enable":false,"placeholder":"","display":"select","restrictions_type":"only_letters","adjust_price":false,"price":"","price_type":"flat_fee","restrictions":false,"min":"0","max":"0","options":[],"id":1738203944},{"name":"Nombre completo","type":"custom_text","position":6,"required":false,"title_format":"label","default":"","description_enable":false,"description":"","placeholder_enable":true,"placeholder":"ingrese su nombre completo","display":"select","restrictions_type":"only_letters","adjust_price":false,"price":"","price_type":"flat_fee","restrictions":false,"min":"0","max":"0","options":[],"id":1738204184},{"name":"Direcci\u00f3n de correo electr\u00f3nico","type":"custom_text","position":7,"required":true,"title_format":"label","default":"","description_enable":false,"description":"","placeholder_enable":false,"placeholder":"","display":"select","restrictions_type":"email","adjust_price":false,"price":"","price_type":"flat_fee","restrictions":false,"min":"0","max":"0","options":[],"id":1738204368}],"acf":[],"_links":{"self":[{"href":"https:\/\/confluence-perou.com\/es\/wp-json\/wp\/v2\/product\/3749","targetHints":{"allow":["GET"]}}],"collection":[{"href":"https:\/\/confluence-perou.com\/es\/wp-json\/wp\/v2\/product"}],"about":[{"href":"https:\/\/confluence-perou.com\/es\/wp-json\/wp\/v2\/types\/product"}],"replies":[{"embeddable":true,"href":"https:\/\/confluence-perou.com\/es\/wp-json\/wp\/v2\/comments?post=3749"}],"wp:featuredmedia":[{"embeddable":true,"href":"https:\/\/confluence-perou.com\/es\/wp-json\/wp\/v2\/media\/3312"}],"wp:attachment":[{"href":"https:\/\/confluence-perou.com\/es\/wp-json\/wp\/v2\/media?parent=3749"}],"wp:term":[{"taxonomy":"tipo-de-destino","embeddable":true,"href":"https:\/\/confluence-perou.com\/es\/wp-json\/wp\/v2\/tipo-de-destino?post=3749"},{"taxonomy":"product_brand","embeddable":true,"href":"https:\/\/confluence-perou.com\/es\/wp-json\/wp\/v2\/product_brand?post=3749"},{"taxonomy":"product_cat","embeddable":true,"href":"https:\/\/confluence-perou.com\/es\/wp-json\/wp\/v2\/product_cat?post=3749"},{"taxonomy":"product_tag","embeddable":true,"href":"https:\/\/confluence-perou.com\/es\/wp-json\/wp\/v2\/product_tag?post=3749"},{"taxonomy":"producto-p","embeddable":true,"href":"https:\/\/confluence-perou.com\/es\/wp-json\/wp\/v2\/producto-p?post=3749"}],"curies":[{"name":"wp","href":"https:\/\/api.w.org\/{rel}","templated":true}]}}