{"id":3313,"date":"2025-02-20T16:59:35","date_gmt":"2025-02-20T16:59:35","guid":{"rendered":"https:\/\/confluence-perou.com\/?post_type=product&#038;p=3313"},"modified":"2025-03-12T04:08:25","modified_gmt":"2025-03-12T04:08:25","slug":"iles-ballestas-et-huacachina","status":"publish","type":"product","link":"https:\/\/confluence-perou.com\/es\/producto\/iles-ballestas-et-huacachina\/","title":{"rendered":"Islas Ballestas y el oasis de la Huacachina"},"content":{"rendered":"<p data-start=\"0\" data-end=\"385\">Disfruta de una escapada entre el oc\u00e9ano y el desierto con este tour de 2 d\u00edas a Paracas y Huacachina. A su llegada, embarque en una excursi\u00f3n en barco a las famosas Islas Ballestas, verdaderas joyas de la costa peruana. Observar\u00e1s una fascinante vida silvestre, incluidos leones marinos, ping\u00fcinos y una multitud de aves marinas que evolucionan en su h\u00e1bitat natural.<\/p>\n<p data-start=\"387\" data-end=\"674\">Apr\u00e8s cette aventure en mer, direction Huacachina, une oasis spectaculaire entour\u00e9e de dunes dor\u00e9es. Profitez d\u2019un cadre enchanteur pour vous d\u00e9tendre avant de vivre des sensations fortes pourquoi pas une session de sandboard. Le soir vous irez voir le coucher de soleil sur le desert&#8230;<\/p>\n<p data-start=\"676\" data-end=\"905\" data-is-last-node=\"\" data-is-only-node=\"\">Al d\u00eda siguiente, disfrute de esta atm\u00f3sfera \u00fanica una \u00faltima vez antes de emprender nuevamente el camino hacia Lima. Una aventura perfecta entre naturaleza, adrenalina y paisajes \u00fanicos.<\/p>","protected":false},"excerpt":{"rendered":"<p>Disfruta de una escapada entre el oc\u00e9ano y el desierto con este tour de 2 d\u00edas a Paracas y Huacachina. Emb\u00e1rcate en un viaje a las famosas Islas Ballestas y luego<span style=\"font-size: 16px;\"> hacia Huacachina, un espectacular oasis rodeado de dunas doradas. Por la tarde, disfruta de la puesta de sol sobre el desierto...<\/span><\/p>","protected":false},"featured_media":3318,"comment_status":"open","ping_status":"closed","template":"","meta":{"_acf_changed":false,"site-sidebar-layout":"default","site-content-layout":"","ast-site-content-layout":"default","site-content-style":"default","site-sidebar-style":"default","ast-global-header-display":"","ast-banner-title-visibility":"","ast-main-header-display":"","ast-hfb-above-header-display":"","ast-hfb-below-header-display":"","ast-hfb-mobile-header-display":"","site-post-title":"","ast-breadcrumbs-content":"","ast-featured-img":"","footer-sml-layout":"","ast-disable-related-posts":"","theme-transparent-header-meta":"default","adv-header-id-meta":"","stick-header-meta":"","header-above-stick-meta":"","header-main-stick-meta":"","header-below-stick-meta":"","astra-migrate-meta-layouts":"set","ast-page-background-enabled":"default","ast-page-background-meta":{"desktop":{"background-color":"var(--ast-global-color-5)","background-image":"","background-repeat":"repeat","background-position":"center center","background-size":"auto","background-attachment":"scroll","background-type":"","background-media":"","overlay-type":"","overlay-color":"","overlay-opacity":"","overlay-gradient":""},"tablet":{"background-color":"","background-image":"","background-repeat":"repeat","background-position":"center center","background-size":"auto","background-attachment":"scroll","background-type":"","background-media":"","overlay-type":"","overlay-color":"","overlay-opacity":"","overlay-gradient":""},"mobile":{"background-color":"","background-image":"","background-repeat":"repeat","background-position":"center center","background-size":"auto","background-attachment":"scroll","background-type":"","background-media":"","overlay-type":"","overlay-color":"","overlay-opacity":"","overlay-gradient":""}},"ast-content-background-meta":{"desktop":{"background-color":"var(--ast-global-color-4)","background-image":"","background-repeat":"repeat","background-position":"center center","background-size":"auto","background-attachment":"scroll","background-type":"","background-media":"","overlay-type":"","overlay-color":"","overlay-opacity":"","overlay-gradient":""},"tablet":{"background-color":"var(--ast-global-color-4)","background-image":"","background-repeat":"repeat","background-position":"center center","background-size":"auto","background-attachment":"scroll","background-type":"","background-media":"","overlay-type":"","overlay-color":"","overlay-opacity":"","overlay-gradient":""},"mobile":{"background-color":"var(--ast-global-color-4)","background-image":"","background-repeat":"repeat","background-position":"center center","background-size":"auto","background-attachment":"scroll","background-type":"","background-media":"","overlay-type":"","overlay-color":"","overlay-opacity":"","overlay-gradient":""}}},"tipo-de-destino":[56],"product_brand":[],"product_cat":[52,47,73],"product_tag":[],"producto-p":[],"class_list":{"0":"post-3313","1":"product","2":"type-product","3":"status-publish","4":"has-post-thumbnail","6":"tipo-de-destino-aventura","7":"product_cat-ica","8":"product_cat-region","9":"product_cat-viva","10":"desktop-align-left","11":"tablet-align-left","12":"mobile-align-left","14":"first","15":"instock","16":"shipping-taxable","17":"purchasable","18":"product-type-simple"},"exclude_global_add_ons":false,"addons":[{"name":"Adultos","type":"input_multiplier","position":0,"required":false,"title_format":"label","default":"","description_enable":false,"description":"","placeholder_enable":false,"placeholder":"","display":"select","restrictions_type":"any_text","adjust_price":true,"price":"250","price_type":"quantity_based","restrictions":true,"min":"1","max":"10","options":[],"id":1740432740},{"name":"Ni\u00f1os","type":"input_multiplier","position":1,"required":false,"title_format":"label","default":"","description_enable":false,"description":"","placeholder_enable":false,"placeholder":"","display":"select","restrictions_type":"any_text","adjust_price":true,"price":"250","price_type":"quantity_based","restrictions":true,"min":"0","max":"10","options":[],"id":1740432741},{"name":"Fechas de viaje","type":"datepicker","position":2,"required":true,"title_format":"label","default":"","description_enable":false,"description":"","placeholder_enable":false,"placeholder":"","display":"select","restrictions_type":"any_text","adjust_price":false,"price":"","price_type":"flat_fee","restrictions":false,"min":"0","max":"0","options":[],"id":1740432742},{"name":"Fecha de finalizaci\u00f3n","type":"datepicker","position":3,"required":false,"title_format":"label","default":"","description_enable":false,"description":"","placeholder_enable":false,"placeholder":"","display":"select","restrictions_type":"any_text","adjust_price":false,"price":"","price_type":"flat_fee","restrictions":false,"min":"0","max":"0","options":[],"id":1740432743},{"name":"Idioma hablado","type":"multiple_choice","position":4,"required":true,"title_format":"label","default":"2","description_enable":false,"description":"","placeholder_enable":false,"placeholder":"","display":"select","restrictions_type":"any_text","adjust_price":false,"price":"","price_type":"flat_fee","restrictions":false,"min":"0","max":"0","options":[{"label":"Espagnol","price":"","price_type":"flat_fee","image":0,"visibility":true},{"label":"Anglais","price":"","price_type":"flat_fee","image":0,"visibility":true},{"label":"Fran\u00e7ais","price":"","price_type":"flat_fee","image":0,"visibility":true}],"id":1740432744},{"name":"Pa\u00eds de procedencia","type":"custom_text","position":5,"required":true,"title_format":"label","default":"","description_enable":false,"description":"","placeholder_enable":false,"placeholder":"","display":"select","restrictions_type":"only_letters","adjust_price":false,"price":"","price_type":"flat_fee","restrictions":false,"min":"0","max":"0","options":[],"id":1740432745},{"name":"Nombre completo","type":"custom_text","position":6,"required":false,"title_format":"label","default":"","description_enable":false,"description":"","placeholder_enable":true,"placeholder":"Saisissez votre nom complet","display":"select","restrictions_type":"only_letters","adjust_price":false,"price":"","price_type":"flat_fee","restrictions":false,"min":"0","max":"0","options":[],"id":1740432746},{"name":"Direcci\u00f3n de correo electr\u00f3nico","type":"custom_text","position":7,"required":true,"title_format":"label","default":"","description_enable":false,"description":"","placeholder_enable":false,"placeholder":"","display":"select","restrictions_type":"email","adjust_price":false,"price":"","price_type":"flat_fee","restrictions":false,"min":"0","max":"0","options":[],"id":1740432747},{"name":"Adultos","type":"input_multiplier","position":0,"required":false,"title_format":"label","default":"","description_enable":false,"description":"","placeholder_enable":false,"placeholder":"","display":"select","restrictions_type":"any_text","adjust_price":true,"price":"500","price_type":"quantity_based","restrictions":true,"min":"1","max":"10","options":[],"id":1738190084},{"name":"Ni\u00f1os","type":"input_multiplier","position":1,"required":false,"title_format":"label","default":"","description_enable":false,"description":"","placeholder_enable":false,"placeholder":"","display":"select","restrictions_type":"any_text","adjust_price":true,"price":"450","price_type":"quantity_based","restrictions":true,"min":"0","max":"10","options":[],"id":1738203047},{"name":"Fechas de viaje","type":"datepicker","position":2,"required":true,"title_format":"label","default":"","description_enable":false,"description":"","placeholder_enable":false,"placeholder":"","display":"select","restrictions_type":"any_text","adjust_price":false,"price":"","price_type":"flat_fee","restrictions":false,"min":"0","max":"0","options":[],"id":1738203218},{"name":"Fecha de finalizaci\u00f3n","type":"datepicker","position":3,"required":false,"title_format":"label","default":"","description_enable":false,"description":"","placeholder_enable":false,"placeholder":"","display":"select","restrictions_type":"any_text","adjust_price":false,"price":"","price_type":"flat_fee","restrictions":false,"min":"0","max":"0","options":[],"id":1739208936},{"name":"Idioma hablado","type":"multiple_choice","position":4,"required":true,"title_format":"label","default":"","description_enable":false,"description":"","placeholder_enable":false,"placeholder":"","display":"select","restrictions_type":"any_text","adjust_price":false,"price":"","price_type":"flat_fee","restrictions":false,"min":"0","max":"0","options":[{"label":"Espa\u00f1ol","price":"","price_type":"flat_fee","image":0,"visibility":true},{"label":"Ingles","price":"","price_type":"flat_fee","image":0,"visibility":true},{"label":"Frances","price":"","price_type":"flat_fee","image":0,"visibility":true}],"id":1738203762},{"name":"Pa\u00eds de procedencia","type":"custom_text","position":5,"required":true,"title_format":"label","default":"","description_enable":false,"description":"","placeholder_enable":false,"placeholder":"","display":"select","restrictions_type":"only_letters","adjust_price":false,"price":"","price_type":"flat_fee","restrictions":false,"min":"0","max":"0","options":[],"id":1738203944},{"name":"Nombre completo","type":"custom_text","position":6,"required":false,"title_format":"label","default":"","description_enable":false,"description":"","placeholder_enable":true,"placeholder":"ingrese su nombre completo","display":"select","restrictions_type":"only_letters","adjust_price":false,"price":"","price_type":"flat_fee","restrictions":false,"min":"0","max":"0","options":[],"id":1738204184},{"name":"Direcci\u00f3n de correo electr\u00f3nico","type":"custom_text","position":7,"required":true,"title_format":"label","default":"","description_enable":false,"description":"","placeholder_enable":false,"placeholder":"","display":"select","restrictions_type":"email","adjust_price":false,"price":"","price_type":"flat_fee","restrictions":false,"min":"0","max":"0","options":[],"id":1738204368}],"acf":[],"_links":{"self":[{"href":"https:\/\/confluence-perou.com\/es\/wp-json\/wp\/v2\/product\/3313","targetHints":{"allow":["GET"]}}],"collection":[{"href":"https:\/\/confluence-perou.com\/es\/wp-json\/wp\/v2\/product"}],"about":[{"href":"https:\/\/confluence-perou.com\/es\/wp-json\/wp\/v2\/types\/product"}],"replies":[{"embeddable":true,"href":"https:\/\/confluence-perou.com\/es\/wp-json\/wp\/v2\/comments?post=3313"}],"wp:featuredmedia":[{"embeddable":true,"href":"https:\/\/confluence-perou.com\/es\/wp-json\/wp\/v2\/media\/3318"}],"wp:attachment":[{"href":"https:\/\/confluence-perou.com\/es\/wp-json\/wp\/v2\/media?parent=3313"}],"wp:term":[{"taxonomy":"tipo-de-destino","embeddable":true,"href":"https:\/\/confluence-perou.com\/es\/wp-json\/wp\/v2\/tipo-de-destino?post=3313"},{"taxonomy":"product_brand","embeddable":true,"href":"https:\/\/confluence-perou.com\/es\/wp-json\/wp\/v2\/product_brand?post=3313"},{"taxonomy":"product_cat","embeddable":true,"href":"https:\/\/confluence-perou.com\/es\/wp-json\/wp\/v2\/product_cat?post=3313"},{"taxonomy":"product_tag","embeddable":true,"href":"https:\/\/confluence-perou.com\/es\/wp-json\/wp\/v2\/product_tag?post=3313"},{"taxonomy":"producto-p","embeddable":true,"href":"https:\/\/confluence-perou.com\/es\/wp-json\/wp\/v2\/producto-p?post=3313"}],"curies":[{"name":"wp","href":"https:\/\/api.w.org\/{rel}","templated":true}]}}