{"id":278,"date":"2025-01-11T00:36:13","date_gmt":"2025-01-11T00:36:13","guid":{"rendered":"https:\/\/confluence-perou.com\/?post_type=product&#038;p=278"},"modified":"2025-09-18T08:08:28","modified_gmt":"2025-09-18T08:08:28","slug":"ties-vest","status":"publish","type":"product","link":"https:\/\/confluence-perou.com\/es\/producto\/ties-vest\/","title":{"rendered":"Ties Vest"},"content":{"rendered":"<p class=\"\" data-start=\"82\" data-end=\"459\">Sum\u00e9rgete en el mundo de la artesan\u00eda excepcional y descubre el talento creativo de Hannah Jenkinson a trav\u00e9s de este <strong data-start=\"207\" data-end=\"226\">Chaleco ajustable<\/strong>, una pieza \u00fanica que combina tradici\u00f3n y modernidad. Dise\u00f1ada en un <strong data-start=\"293\" data-end=\"338\">peque\u00f1o taller familiar en Cusco, Per\u00fa<\/strong>, est\u00e1 cuidadosamente elaborado por <strong data-start=\"373\" data-end=\"418\">mujeres de una comunidad andina del Valle Sagrado<\/strong>.<\/p>\n<p class=\"\" data-start=\"461\" data-end=\"736\">en <strong data-start=\"464\" data-end=\"496\">corte original y ajustable<\/strong> se distingue por su delicadeza <strong data-start=\"526\" data-end=\"561\">nudos en los lados de las caderas<\/strong>, permiti\u00e9ndote adaptar la silueta seg\u00fan tus deseos. Disponible en <strong data-start=\"630\" data-end=\"652\">Gris oscuro y camello<\/strong>Se adapta perfectamente a cualquier armario, ofreciendo una elegancia atemporal.<\/p>\n<p class=\"\" data-start=\"738\" data-end=\"1083\">Compuesto de <strong data-start=\"749\" data-end=\"768\">56% Alpaca beb\u00e9<\/strong> y <strong data-start=\"772\" data-end=\"790\">44% algod\u00f3n Pima<\/strong>Este chaleco ofrece una suavidad incomparable, una agradable ligereza y una calidez natural. Tintes certificados. <strong data-start=\"906\" data-end=\"918\">OEKO-Tex<\/strong> garantizar la producci\u00f3n sin sustancias nocivas, mientras que la <strong data-start=\"986\" data-end=\"1017\">Alpaca Responsable Est\u00e1ndar<\/strong> garantiza una cadena de suministro \u00e9tica y respetuosa para el bienestar animal.<\/p>\n<p class=\"\" data-start=\"1085\" data-end=\"1316\">Enteramente <strong data-start=\"1097\" data-end=\"1114\">biodegradable<\/strong>Este chaleco representa la moda sostenible y respetuosa con el medio ambiente. Su dise\u00f1o refinado, realzado por un delicado trabajo de crochet, lo convierte en una prenda \u00fanica. <strong data-start=\"1277\" data-end=\"1313\">elegante, vers\u00e1til y c\u00f3modo<\/strong>.<\/p>\n<p class=\"\" data-start=\"1318\" data-end=\"1424\"><strong data-start=\"1320\" data-end=\"1422\">Un chaleco excepcional, dise\u00f1ado por HJK y tejido con tradici\u00f3n, \u00e9tica y elegancia.<\/strong><\/p>","protected":false},"excerpt":{"rendered":"<p>Plongez dans l\u2019univers de l\u2019artisanat d\u2019exception et d\u00e9couvrez le talent de cr\u00e9atrice d\u2019Hannah Jenkinson \u00e0 travers ce Gilet Ajustable, une [&hellip;]<\/p>\n","protected":false},"featured_media":4293,"comment_status":"open","ping_status":"closed","template":"","meta":{"_acf_changed":false,"site-sidebar-layout":"default","site-content-layout":"","ast-site-content-layout":"default","site-content-style":"default","site-sidebar-style":"default","ast-global-header-display":"","ast-banner-title-visibility":"","ast-main-header-display":"","ast-hfb-above-header-display":"","ast-hfb-below-header-display":"","ast-hfb-mobile-header-display":"","site-post-title":"","ast-breadcrumbs-content":"","ast-featured-img":"","footer-sml-layout":"","ast-disable-related-posts":"","theme-transparent-header-meta":"default","adv-header-id-meta":"","stick-header-meta":"","header-above-stick-meta":"","header-main-stick-meta":"","header-below-stick-meta":"","astra-migrate-meta-layouts":"set","ast-page-background-enabled":"default","ast-page-background-meta":{"desktop":{"background-color":"var(--ast-global-color-5)","background-image":"","background-repeat":"repeat","background-position":"center center","background-size":"auto","background-attachment":"scroll","background-type":"","background-media":"","overlay-type":"","overlay-color":"","overlay-opacity":"","overlay-gradient":""},"tablet":{"background-color":"","background-image":"","background-repeat":"repeat","background-position":"center center","background-size":"auto","background-attachment":"scroll","background-type":"","background-media":"","overlay-type":"","overlay-color":"","overlay-opacity":"","overlay-gradient":""},"mobile":{"background-color":"","background-image":"","background-repeat":"repeat","background-position":"center center","background-size":"auto","background-attachment":"scroll","background-type":"","background-media":"","overlay-type":"","overlay-color":"","overlay-opacity":"","overlay-gradient":""}},"ast-content-background-meta":{"desktop":{"background-color":"var(--ast-global-color-4)","background-image":"","background-repeat":"repeat","background-position":"center center","background-size":"auto","background-attachment":"scroll","background-type":"","background-media":"","overlay-type":"","overlay-color":"","overlay-opacity":"","overlay-gradient":""},"tablet":{"background-color":"var(--ast-global-color-4)","background-image":"","background-repeat":"repeat","background-position":"center center","background-size":"auto","background-attachment":"scroll","background-type":"","background-media":"","overlay-type":"","overlay-color":"","overlay-opacity":"","overlay-gradient":""},"mobile":{"background-color":"var(--ast-global-color-4)","background-image":"","background-repeat":"repeat","background-position":"center center","background-size":"auto","background-attachment":"scroll","background-type":"","background-media":"","overlay-type":"","overlay-color":"","overlay-opacity":"","overlay-gradient":""}}},"tipo-de-destino":[],"product_brand":[],"product_cat":[69,24],"product_tag":[],"producto-p":[66],"class_list":{"0":"post-278","1":"product","2":"type-product","3":"status-publish","4":"has-post-thumbnail","6":"product_cat-boutique","7":"product_cat-ropa","8":"producto-p-decoracion","9":"desktop-align-left","10":"tablet-align-left","11":"mobile-align-left","13":"first","14":"instock","15":"shipping-taxable","16":"purchasable","17":"product-type-variable"},"exclude_global_add_ons":false,"addons":[{"name":"Disponible","type":"heading","position":0,"required":false,"title_format":"label","default":"","description_enable":true,"description":"Env\u00edo gratis. \u00a1La moda m\u00e1s responsable empieza aqu\u00ed!","placeholder_enable":false,"placeholder":"","display":"select","restrictions_type":"any_text","adjust_price":false,"price":"","price_type":"flat_fee","restrictions":false,"min":"0","max":"0","options":[],"id":1742873170},{"name":"Adultos","type":"input_multiplier","position":0,"required":false,"title_format":"label","default":"","description_enable":false,"description":"","placeholder_enable":false,"placeholder":"","display":"select","restrictions_type":"any_text","adjust_price":true,"price":"500","price_type":"quantity_based","restrictions":true,"min":"1","max":"10","options":[],"id":1738190084},{"name":"Ni\u00f1os","type":"input_multiplier","position":1,"required":false,"title_format":"label","default":"","description_enable":false,"description":"","placeholder_enable":false,"placeholder":"","display":"select","restrictions_type":"any_text","adjust_price":true,"price":"450","price_type":"quantity_based","restrictions":true,"min":"0","max":"10","options":[],"id":1738203047},{"name":"Fechas de viaje","type":"datepicker","position":2,"required":true,"title_format":"label","default":"","description_enable":false,"description":"","placeholder_enable":false,"placeholder":"","display":"select","restrictions_type":"any_text","adjust_price":false,"price":"","price_type":"flat_fee","restrictions":false,"min":"0","max":"0","options":[],"id":1738203218},{"name":"Fecha de finalizaci\u00f3n","type":"datepicker","position":3,"required":false,"title_format":"label","default":"","description_enable":false,"description":"","placeholder_enable":false,"placeholder":"","display":"select","restrictions_type":"any_text","adjust_price":false,"price":"","price_type":"flat_fee","restrictions":false,"min":"0","max":"0","options":[],"id":1739208936},{"name":"Idioma hablado","type":"multiple_choice","position":4,"required":true,"title_format":"label","default":"","description_enable":false,"description":"","placeholder_enable":false,"placeholder":"","display":"select","restrictions_type":"any_text","adjust_price":false,"price":"","price_type":"flat_fee","restrictions":false,"min":"0","max":"0","options":[{"label":"Espa\u00f1ol","price":"","price_type":"flat_fee","image":0,"visibility":true},{"label":"Ingles","price":"","price_type":"flat_fee","image":0,"visibility":true},{"label":"Frances","price":"","price_type":"flat_fee","image":0,"visibility":true}],"id":1738203762},{"name":"Pa\u00eds de procedencia","type":"custom_text","position":5,"required":true,"title_format":"label","default":"","description_enable":false,"description":"","placeholder_enable":false,"placeholder":"","display":"select","restrictions_type":"only_letters","adjust_price":false,"price":"","price_type":"flat_fee","restrictions":false,"min":"0","max":"0","options":[],"id":1738203944},{"name":"Nombre completo","type":"custom_text","position":6,"required":false,"title_format":"label","default":"","description_enable":false,"description":"","placeholder_enable":true,"placeholder":"ingrese su nombre completo","display":"select","restrictions_type":"only_letters","adjust_price":false,"price":"","price_type":"flat_fee","restrictions":false,"min":"0","max":"0","options":[],"id":1738204184},{"name":"Direcci\u00f3n de correo electr\u00f3nico","type":"custom_text","position":7,"required":true,"title_format":"label","default":"","description_enable":false,"description":"","placeholder_enable":false,"placeholder":"","display":"select","restrictions_type":"email","adjust_price":false,"price":"","price_type":"flat_fee","restrictions":false,"min":"0","max":"0","options":[],"id":1738204368}],"acf":[],"_links":{"self":[{"href":"https:\/\/confluence-perou.com\/es\/wp-json\/wp\/v2\/product\/278","targetHints":{"allow":["GET"]}}],"collection":[{"href":"https:\/\/confluence-perou.com\/es\/wp-json\/wp\/v2\/product"}],"about":[{"href":"https:\/\/confluence-perou.com\/es\/wp-json\/wp\/v2\/types\/product"}],"replies":[{"embeddable":true,"href":"https:\/\/confluence-perou.com\/es\/wp-json\/wp\/v2\/comments?post=278"}],"wp:featuredmedia":[{"embeddable":true,"href":"https:\/\/confluence-perou.com\/es\/wp-json\/wp\/v2\/media\/4293"}],"wp:attachment":[{"href":"https:\/\/confluence-perou.com\/es\/wp-json\/wp\/v2\/media?parent=278"}],"wp:term":[{"taxonomy":"tipo-de-destino","embeddable":true,"href":"https:\/\/confluence-perou.com\/es\/wp-json\/wp\/v2\/tipo-de-destino?post=278"},{"taxonomy":"product_brand","embeddable":true,"href":"https:\/\/confluence-perou.com\/es\/wp-json\/wp\/v2\/product_brand?post=278"},{"taxonomy":"product_cat","embeddable":true,"href":"https:\/\/confluence-perou.com\/es\/wp-json\/wp\/v2\/product_cat?post=278"},{"taxonomy":"product_tag","embeddable":true,"href":"https:\/\/confluence-perou.com\/es\/wp-json\/wp\/v2\/product_tag?post=278"},{"taxonomy":"producto-p","embeddable":true,"href":"https:\/\/confluence-perou.com\/es\/wp-json\/wp\/v2\/producto-p?post=278"}],"curies":[{"name":"wp","href":"https:\/\/api.w.org\/{rel}","templated":true}]}}