{"id":221,"date":"2025-01-10T21:44:59","date_gmt":"2025-01-10T21:44:59","guid":{"rendered":"https:\/\/confluence-perou.com\/?page_id=221"},"modified":"2025-09-03T20:06:17","modified_gmt":"2025-09-03T20:06:17","slug":"contacto","status":"publish","type":"page","link":"https:\/\/confluence-perou.com\/es\/contacto\/","title":{"rendered":"Contacto"},"content":{"rendered":"\t\t<div data-elementor-type=\"wp-page\" data-elementor-id=\"221\" class=\"elementor elementor-221\" data-elementor-post-type=\"page\">\n\t\t\t\t<div class=\"elementor-element elementor-element-fb0b1dc e-flex e-con-boxed e-con e-parent\" data-id=\"fb0b1dc\" data-element_type=\"container\" data-e-type=\"container\" data-settings=\"{&quot;background_background&quot;:&quot;classic&quot;}\">\n\t\t\t\t\t<div class=\"e-con-inner\">\n\t\t\t\t<div class=\"elementor-element elementor-element-7af7789 elementor-widget elementor-widget-heading\" data-id=\"7af7789\" data-element_type=\"widget\" data-e-type=\"widget\" data-widget_type=\"heading.default\">\n\t\t\t\t<div class=\"elementor-widget-container\">\n\t\t\t\t\t<h1 class=\"elementor-heading-title elementor-size-default\">Contact<\/h1>\t\t\t\t<\/div>\n\t\t\t\t<\/div>\n\t\t\t\t<div class=\"elementor-element elementor-element-ac9a411 elementor-widget__width-initial elementor-widget-mobile__width-inherit elementor-widget elementor-widget-heading\" data-id=\"ac9a411\" data-element_type=\"widget\" data-e-type=\"widget\" data-widget_type=\"heading.default\">\n\t\t\t\t<div class=\"elementor-widget-container\">\n\t\t\t\t\t<p class=\"elementor-heading-title elementor-size-default\">Ecrivez-nous pour \u00e9claircir vos interrogations ou pour planifier votre voyage id\u00e9al au P\u00e9rou. Remplissez le formulaire et notre \u00e9quipe vous r\u00e9pondra dans les plus brefs d\u00e9lais. \n\nVotre aventure commence ici !<\/p>\t\t\t\t<\/div>\n\t\t\t\t<\/div>\n\t\t\t\t\t<\/div>\n\t\t\t\t<\/div>\n\t\t<div class=\"elementor-element elementor-element-9c984c7 e-flex e-con-boxed e-con e-parent\" data-id=\"9c984c7\" data-element_type=\"container\" data-e-type=\"container\">\n\t\t\t\t\t<div class=\"e-con-inner\">\n\t\t\t\t<div class=\"elementor-element elementor-element-de34c41 elementor-widget elementor-widget-heading\" data-id=\"de34c41\" data-element_type=\"widget\" data-e-type=\"widget\" data-widget_type=\"heading.default\">\n\t\t\t\t<div class=\"elementor-widget-container\">\n\t\t\t\t\t<h2 class=\"elementor-heading-title elementor-size-default\"><a href=\"https:\/\/confluence-perou.com\/es\/\">Accueil<\/a><\/h2>\t\t\t\t<\/div>\n\t\t\t\t<\/div>\n\t\t\t\t<div class=\"elementor-element elementor-element-8a0d6a4 elementor-widget elementor-widget-heading\" data-id=\"8a0d6a4\" data-element_type=\"widget\" data-e-type=\"widget\" data-widget_type=\"heading.default\">\n\t\t\t\t<div class=\"elementor-widget-container\">\n\t\t\t\t\t<h2 class=\"elementor-heading-title elementor-size-default\">\/<\/h2>\t\t\t\t<\/div>\n\t\t\t\t<\/div>\n\t\t\t\t<div class=\"elementor-element elementor-element-b5d5aae elementor-widget elementor-widget-heading\" data-id=\"b5d5aae\" data-element_type=\"widget\" data-e-type=\"widget\" data-widget_type=\"heading.default\">\n\t\t\t\t<div class=\"elementor-widget-container\">\n\t\t\t\t\t<h2 class=\"elementor-heading-title elementor-size-default\">Contact<\/h2>\t\t\t\t<\/div>\n\t\t\t\t<\/div>\n\t\t\t\t\t<\/div>\n\t\t\t\t<\/div>\n\t\t<div class=\"elementor-element elementor-element-9ba6bb3 e-flex e-con-boxed e-con e-parent\" data-id=\"9ba6bb3\" data-element_type=\"container\" data-e-type=\"container\">\n\t\t\t\t\t<div class=\"e-con-inner\">\n\t\t\t\t<div class=\"elementor-element elementor-element-0a90c36 elementor-widget elementor-widget-heading\" data-id=\"0a90c36\" data-element_type=\"widget\" data-e-type=\"widget\" data-widget_type=\"heading.default\">\n\t\t\t\t<div class=\"elementor-widget-container\">\n\t\t\t\t\t<h2 class=\"elementor-heading-title elementor-size-default\">Nous contacter<\/h2>\t\t\t\t<\/div>\n\t\t\t\t<\/div>\n\t\t<div class=\"elementor-element elementor-element-43a1c63 e-con-full e-flex e-con e-child\" data-id=\"43a1c63\" data-element_type=\"container\" data-e-type=\"container\">\n\t\t<div class=\"elementor-element elementor-element-59bd928 e-con-full e-flex e-con e-child\" data-id=\"59bd928\" data-element_type=\"container\" data-e-type=\"container\">\n\t\t\t\t<div class=\"elementor-element elementor-element-958ccdc form-contacto elementor-button-align-stretch elementor-widget elementor-widget-form\" data-id=\"958ccdc\" data-element_type=\"widget\" data-e-type=\"widget\" data-settings=\"{&quot;step_next_label&quot;:&quot;Siguiente&quot;,&quot;step_previous_label&quot;:&quot;Anterior&quot;,&quot;button_width&quot;:&quot;100&quot;,&quot;step_type&quot;:&quot;number_text&quot;,&quot;step_icon_shape&quot;:&quot;circle&quot;}\" data-widget_type=\"form.default\">\n\t\t\t\t<div class=\"elementor-widget-container\">\n\t\t\t\t\t\t\t<form class=\"elementor-form\" method=\"post\" name=\"Nuevo formulario\" aria-label=\"Nuevo formulario\">\n\t\t\t<input type=\"hidden\" name=\"post_id\" value=\"221\"\/>\n\t\t\t<input type=\"hidden\" name=\"form_id\" value=\"958ccdc\"\/>\n\t\t\t<input type=\"hidden\" name=\"referer_title\" value=\"Contact - Confluence P\u00e9rou Votre voyage commence ici\" \/>\n\n\t\t\t\t\t\t\t<input type=\"hidden\" name=\"queried_id\" value=\"221\"\/>\n\t\t\t\n\t\t\t<div class=\"elementor-form-fields-wrapper elementor-labels-above\">\n\t\t\t\t\t\t\t\t<div class=\"elementor-field-type-tel elementor-field-group elementor-column elementor-field-group-field_670146b elementor-col-100 elementor-field-required\">\n\t\t\t\t\t\t\t\t\t\t\t\t<label for=\"form-field-field_670146b\" class=\"elementor-field-label\">\n\t\t\t\t\t\t\t\tT\u00e9l\u00e9phone\t\t\t\t\t\t\t<\/label>\n\t\t\t\t\t\t\t\t<input size=\"1\" type=\"tel\" name=\"form_fields[field_670146b]\" id=\"form-field-field_670146b\" class=\"elementor-field elementor-size-sm  elementor-field-textual\" placeholder=\"T\u00e9l\u00e9phone\" required=\"required\" pattern=\"[0-9()#&amp;+*-=.]+\" title=\"Only numbers and phone characters (#, -, *, etc) are accepted.\">\n\n\t\t\t\t\t\t<\/div>\n\t\t\t\t\t\t\t\t<div class=\"elementor-field-type-email elementor-field-group elementor-column elementor-field-group-email elementor-col-100 elementor-field-required\">\n\t\t\t\t\t\t\t\t\t\t\t\t<label for=\"form-field-email\" class=\"elementor-field-label\">\n\t\t\t\t\t\t\t\tE-mail\t\t\t\t\t\t\t<\/label>\n\t\t\t\t\t\t\t\t\t\t\t\t\t\t<input size=\"1\" type=\"email\" name=\"form_fields[email]\" id=\"form-field-email\" class=\"elementor-field elementor-size-sm  elementor-field-textual\" placeholder=\"E-mail\" required=\"required\">\n\t\t\t\t\t\t\t\t\t\t\t<\/div>\n\t\t\t\t\t\t\t\t<div class=\"elementor-field-type-textarea elementor-field-group elementor-column elementor-field-group-message elementor-col-100\">\n\t\t\t\t\t\t\t\t\t\t\t\t<label for=\"form-field-message\" class=\"elementor-field-label\">\n\t\t\t\t\t\t\t\tMessage\t\t\t\t\t\t\t<\/label>\n\t\t\t\t\t\t<textarea class=\"elementor-field-textual elementor-field  elementor-size-sm\" name=\"form_fields[message]\" id=\"form-field-message\" rows=\"4\" placeholder=\"Message\"><\/textarea>\t\t\t\t<\/div>\n\t\t\t\t\t\t\t\t<div class=\"elementor-field-group elementor-column elementor-field-type-submit elementor-col-100 e-form__buttons\">\n\t\t\t\t\t<button class=\"elementor-button elementor-size-sm\" type=\"submit\">\n\t\t\t\t\t\t<span class=\"elementor-button-content-wrapper\">\n\t\t\t\t\t\t\t\t\t\t\t\t\t\t\t\t\t\t\t\t\t\t<span class=\"elementor-button-text\">Envoyer<\/span>\n\t\t\t\t\t\t\t\t\t\t\t\t\t<\/span>\n\t\t\t\t\t<\/button>\n\t\t\t\t<\/div>\n\t\t\t<\/div>\n\t\t<\/form>\n\t\t\t\t\t\t<\/div>\n\t\t\t\t<\/div>\n\t\t\t\t<\/div>\n\t\t<div class=\"elementor-element elementor-element-2ef764b e-con-full e-flex e-con e-child\" data-id=\"2ef764b\" data-element_type=\"container\" data-e-type=\"container\" data-settings=\"{&quot;background_background&quot;:&quot;classic&quot;}\">\n\t\t\t\t<div class=\"elementor-element elementor-element-cff44fe elementor-widget elementor-widget-spacer\" data-id=\"cff44fe\" data-element_type=\"widget\" data-e-type=\"widget\" data-widget_type=\"spacer.default\">\n\t\t\t\t<div class=\"elementor-widget-container\">\n\t\t\t\t\t\t\t<div class=\"elementor-spacer\">\n\t\t\t<div class=\"elementor-spacer-inner\"><\/div>\n\t\t<\/div>\n\t\t\t\t\t\t<\/div>\n\t\t\t\t<\/div>\n\t\t\t\t<\/div>\n\t\t\t\t<\/div>\n\t\t\t\t\t<\/div>\n\t\t\t\t<\/div>\n\t\t<div class=\"elementor-element elementor-element-026d89a e-flex e-con-boxed e-con e-parent\" data-id=\"026d89a\" data-element_type=\"container\" data-e-type=\"container\">\n\t\t\t\t\t<div class=\"e-con-inner\">\n\t\t<div class=\"elementor-element elementor-element-765b20a e-grid e-con-full e-con e-child\" data-id=\"765b20a\" data-element_type=\"container\" data-e-type=\"container\">\n\t\t\t\t<div class=\"elementor-element elementor-element-803c095 elementor-view-default elementor-position-block-start elementor-mobile-position-block-start elementor-widget elementor-widget-icon-box\" data-id=\"803c095\" data-element_type=\"widget\" data-e-type=\"widget\" data-widget_type=\"icon-box.default\">\n\t\t\t\t<div class=\"elementor-widget-container\">\n\t\t\t\t\t\t\t<div class=\"elementor-icon-box-wrapper\">\n\n\t\t\t\t\t\t<div class=\"elementor-icon-box-icon\">\n\t\t\t\t<span  class=\"elementor-icon\">\n\t\t\t\t<svg xmlns=\"http:\/\/www.w3.org\/2000\/svg\" width=\"3630.000000pt\" height=\"2859.000000pt\" viewBox=\"0 0 3630.000000 2859.000000\" preserveAspectRatio=\"xMidYMid meet\"><metadata> Created by potrace 1.16, written by Peter Selinger 2001-2019 <\/metadata><g transform=\"translate(0.000000,2859.000000) scale(0.100000,-0.100000)\" fill=\"#000000\" stroke=\"none\"><path d=\"M10666 28574 c-240 -43 -443 -150 -622 -328 -150 -149 -239 -295 -299 -489 -14 -45 -363 -1790 -776 -3877 -412 -2087 -759 -3824 -769 -3860 -101 -338 -377 -600 -740 -701 l-85 -24 -1500 -5 c-1492 -6 -1501 -6 -1592 -28 -280 -65 -512 -192 -703 -382 -177 -178 -312 -415 -365 -645 -23 -99 -3185 -16612 -3200 -16715 -68 -443 110 -913 454 -1204 161 -135 326 -221 541 -279 l115 -32 4095 0 4095 0 115 31 c353 96 622 294 811 594 75 118 125 238 160 385 17 66 777 4023 1690 8794 913 4771 1672 8711 1686 8755 51 162 138 300 266 423 161 154 333 240 551 278 78 13 493 15 3556 15 3063 0 3478 -2 3556 -15 218 -38 390 -124 551 -278 128 -123 215 -261 266 -423 14 -45 773 -3985 1686 -8755 913 -4771 1674 -8728 1690 -8794 118 -484 474 -843 971 -979 l115 -31 4095 0 4095 0 115 32 c216 59 380 144 542 280 344 291 521 759 453 1203 -12 82 -3075 16089 -3171 16573 -19 98 -49 217 -66 265 -162 460 -537 789 -1031 904 -91 22 -100 22 -1592 28 l-1500 5 -85 24 c-363 101 -640 363 -740 701 -10 36 -357 1773 -769 3860 -413 2087 -763 3833 -777 3880 -59 192 -148 337 -298 486 -182 180 -383 285 -630 329 -79 13 -851 15 -7485 14 -6360 -1 -7407 -3 -7475 -15z\"><\/path><\/g><\/svg>\t\t\t\t<\/span>\n\t\t\t<\/div>\n\t\t\t\n\t\t\t\t\t\t<div class=\"elementor-icon-box-content\">\n\n\t\t\t\t\t\t\t\t\t<h3 class=\"elementor-icon-box-title\">\n\t\t\t\t\t\t<span  >\n\t\t\t\t\t\t\tSIREN 938 211 059\t\t\t\t\t\t<\/span>\n\t\t\t\t\t<\/h3>\n\t\t\t\t\n\t\t\t\t\n\t\t\t<\/div>\n\t\t\t\n\t\t<\/div>\n\t\t\t\t\t\t<\/div>\n\t\t\t\t<\/div>\n\t\t\t\t<div class=\"elementor-element elementor-element-337c7fa elementor-view-default elementor-position-block-start elementor-mobile-position-block-start elementor-widget elementor-widget-icon-box\" data-id=\"337c7fa\" data-element_type=\"widget\" data-e-type=\"widget\" data-widget_type=\"icon-box.default\">\n\t\t\t\t<div class=\"elementor-widget-container\">\n\t\t\t\t\t\t\t<div class=\"elementor-icon-box-wrapper\">\n\n\t\t\t\t\t\t<div class=\"elementor-icon-box-icon\">\n\t\t\t\t<span  class=\"elementor-icon\">\n\t\t\t\t<svg xmlns=\"http:\/\/www.w3.org\/2000\/svg\" width=\"726.000000pt\" height=\"1255.000000pt\" viewBox=\"0 0 726.000000 1255.000000\" preserveAspectRatio=\"xMidYMid meet\"><metadata> Created by potrace 1.16, written by Peter Selinger 2001-2019 <\/metadata><g transform=\"translate(0.000000,1255.000000) scale(0.100000,-0.100000)\" fill=\"#000000\" stroke=\"none\"><path d=\"M2815 12539 c-234 -16 -539 -77 -760 -152 -1024 -349 -1786 -1213 -1999 -2268 -59 -290 -56 -73 -56 -3844 0 -3771 -3 -3554 56 -3844 122 -605 422 -1151 868 -1579 526 -505 1196 -797 1932 -842 122 -8 741 -10 1939 -8 l1760 3 80 23 c310 87 528 307 605 606 20 78 20 108 20 1635 0 1507 -1 1559 -20 1637 -39 162 -113 287 -245 412 -67 64 -105 90 -187 130 -191 94 -14 86 -1818 92 -1777 6 -1624 -1 -1765 73 -77 41 -191 155 -232 232 -73 139 -68 34 -68 1460 l0 1280 24 74 c58 175 184 303 373 379 40 16 155 17 1638 22 l1595 6 80 22 c174 48 337 152 445 284 65 80 134 220 160 322 20 77 20 115 20 1611 0 1503 0 1533 -20 1611 -77 299 -295 519 -605 606 l-80 23 -1810 1 c-995 1 -1864 -2 -1930 -7z\"><\/path><\/g><\/svg>\t\t\t\t<\/span>\n\t\t\t<\/div>\n\t\t\t\n\t\t\t\t\t\t<div class=\"elementor-icon-box-content\">\n\n\t\t\t\t\t\t\t\t\t<h3 class=\"elementor-icon-box-title\">\n\t\t\t\t\t\t<span  >\n\t\t\t\t\t\t\t+33 6 11 60 98 18\t\t\t\t\t\t<\/span>\n\t\t\t\t\t<\/h3>\n\t\t\t\t\n\t\t\t\t\n\t\t\t<\/div>\n\t\t\t\n\t\t<\/div>\n\t\t\t\t\t\t<\/div>\n\t\t\t\t<\/div>\n\t\t\t\t<div class=\"elementor-element elementor-element-35f7e2d elementor-view-default elementor-position-block-start elementor-mobile-position-block-start elementor-widget elementor-widget-icon-box\" data-id=\"35f7e2d\" data-element_type=\"widget\" data-e-type=\"widget\" data-widget_type=\"icon-box.default\">\n\t\t\t\t<div class=\"elementor-widget-container\">\n\t\t\t\t\t\t\t<div class=\"elementor-icon-box-wrapper\">\n\n\t\t\t\t\t\t<div class=\"elementor-icon-box-icon\">\n\t\t\t\t<span  class=\"elementor-icon\">\n\t\t\t\t<svg xmlns=\"http:\/\/www.w3.org\/2000\/svg\" width=\"1148.000000pt\" height=\"1671.000000pt\" viewBox=\"0 0 1148.000000 1671.000000\" preserveAspectRatio=\"xMidYMid meet\"><metadata> Created by potrace 1.16, written by Peter Selinger 2001-2019 <\/metadata><g transform=\"translate(0.000000,1671.000000) scale(0.100000,-0.100000)\" fill=\"#000000\" stroke=\"none\"><path d=\"M3670 16704 c-211 -21 -275 -29 -398 -50 -966 -161 -1859 -702 -2463 -1490 -379 -494 -641 -1085 -749 -1686 -57 -317 -53 -209 -58 -1983 -2 -1138 0 -1684 8 -1785 57 -744 293 -1484 677 -2117 52 -87 989 -1716 2082 -3620 1445 -2519 2004 -3484 2051 -3544 100 -126 233 -232 388 -309 494 -243 1121 -110 1452 309 47 60 606 1025 2051 3544 1093 1904 2030 3533 2082 3620 381 628 615 1357 676 2100 7 83 11 694 11 1723 0 1727 0 1710 -55 2032 -214 1231 -1005 2290 -2132 2851 -396 198 -779 315 -1253 383 l-155 22 -2090 2 c-1149 0 -2106 0 -2125 -2z\"><\/path><\/g><\/svg>\t\t\t\t<\/span>\n\t\t\t<\/div>\n\t\t\t\n\t\t\t\t\t\t<div class=\"elementor-icon-box-content\">\n\n\t\t\t\t\t\t\t\t\t<h3 class=\"elementor-icon-box-title\">\n\t\t\t\t\t\t<span  >\n\t\t\t\t\t\t\t60 rue Fran\u00e7ois 1er, 75008 Paris, France\t\t\t\t\t\t<\/span>\n\t\t\t\t\t<\/h3>\n\t\t\t\t\n\t\t\t\t\n\t\t\t<\/div>\n\t\t\t\n\t\t<\/div>\n\t\t\t\t\t\t<\/div>\n\t\t\t\t<\/div>\n\t\t\t\t<div class=\"elementor-element elementor-element-7fc8827 elementor-view-default elementor-position-block-start elementor-mobile-position-block-start elementor-widget elementor-widget-icon-box\" data-id=\"7fc8827\" data-element_type=\"widget\" data-e-type=\"widget\" data-widget_type=\"icon-box.default\">\n\t\t\t\t<div class=\"elementor-widget-container\">\n\t\t\t\t\t\t\t<div class=\"elementor-icon-box-wrapper\">\n\n\t\t\t\t\t\t<div class=\"elementor-icon-box-icon\">\n\t\t\t\t<span  class=\"elementor-icon\">\n\t\t\t\t<svg xmlns=\"http:\/\/www.w3.org\/2000\/svg\" width=\"2642.000000pt\" height=\"2348.000000pt\" viewBox=\"0 0 2642.000000 2348.000000\" preserveAspectRatio=\"xMidYMid meet\"><metadata> Created by potrace 1.16, written by Peter Selinger 2001-2019 <\/metadata><g transform=\"translate(0.000000,2348.000000) scale(0.100000,-0.100000)\" fill=\"#000000\" stroke=\"none\"><path d=\"M15255 23470 c-582 -59 -1091 -269 -1529 -628 -145 -118 -11286 -11266 -11386 -11392 -313 -395 -506 -840 -585 -1350 -22 -145 -31 -495 -16 -656 52 -551 262 -1070 609 -1504 45 -57 797 -817 1861 -1882 l1786 -1788 -2105 0 c-1350 0 -2143 -4 -2212 -10 -729 -69 -1349 -559 -1578 -1249 -80 -241 -100 -413 -100 -876 0 -448 19 -627 92 -854 198 -620 717 -1094 1349 -1235 63 -13 158 -30 211 -35 137 -15 22979 -15 23116 0 799 86 1452 680 1611 1465 11 55 25 157 31 228 13 166 13 696 0 862 -73 902 -769 1609 -1668 1694 -71 7 -1602 10 -4512 10 l-4405 0 4101 4103 c2633 2634 4126 4134 4171 4192 302 387 490 824 568 1325 26 164 31 531 11 710 -68 580 -287 1087 -657 1515 -113 131 -6660 6671 -6749 6742 -417 332 -855 520 -1390 598 -126 19 -500 27 -625 15z\"><\/path><\/g><\/svg>\t\t\t\t<\/span>\n\t\t\t<\/div>\n\t\t\t\n\t\t\t\t\t\t<div class=\"elementor-icon-box-content\">\n\n\t\t\t\t\t\t\t\t\t<h3 class=\"elementor-icon-box-title\">\n\t\t\t\t\t\t<span  >\n\t\t\t\t\t\t\tinfo@confluence-perou.com\t\t\t\t\t\t<\/span>\n\t\t\t\t\t<\/h3>\n\t\t\t\t\n\t\t\t\t\n\t\t\t<\/div>\n\t\t\t\n\t\t<\/div>\n\t\t\t\t\t\t<\/div>\n\t\t\t\t<\/div>\n\t\t\t\t<\/div>\n\t\t\t\t\t<\/div>\n\t\t\t\t<\/div>\n\t\t\t\t<\/div>\n\t\t","protected":false},"excerpt":{"rendered":"<p>Contact Ecrivez-nous pour \u00e9claircir vos interrogations ou pour planifier votre voyage id\u00e9al au P\u00e9rou. Remplissez le formulaire et notre \u00e9quipe [&hellip;]<\/p>\n","protected":false},"author":1,"featured_media":0,"parent":0,"menu_order":0,"comment_status":"closed","ping_status":"closed","template":"","meta":{"_acf_changed":false,"site-sidebar-layout":"no-sidebar","site-content-layout":"","ast-site-content-layout":"full-width-container","site-content-style":"default","site-sidebar-style":"default","ast-global-header-display":"","ast-banner-title-visibility":"","ast-main-header-display":"","ast-hfb-above-header-display":"","ast-hfb-below-header-display":"","ast-hfb-mobile-header-display":"","site-post-title":"disabled","ast-breadcrumbs-content":"","ast-featured-img":"disabled","footer-sml-layout":"","ast-disable-related-posts":"","theme-transparent-header-meta":"","adv-header-id-meta":"","stick-header-meta":"","header-above-stick-meta":"","header-main-stick-meta":"","header-below-stick-meta":"","astra-migrate-meta-layouts":"default","ast-page-background-enabled":"default","ast-page-background-meta":{"desktop":{"background-color":"var(--ast-global-color-5)","background-image":"","background-repeat":"repeat","background-position":"center center","background-size":"auto","background-attachment":"scroll","background-type":"","background-media":"","overlay-type":"","overlay-color":"","overlay-opacity":"","overlay-gradient":""},"tablet":{"background-color":"","background-image":"","background-repeat":"repeat","background-position":"center center","background-size":"auto","background-attachment":"scroll","background-type":"","background-media":"","overlay-type":"","overlay-color":"","overlay-opacity":"","overlay-gradient":""},"mobile":{"background-color":"","background-image":"","background-repeat":"repeat","background-position":"center center","background-size":"auto","background-attachment":"scroll","background-type":"","background-media":"","overlay-type":"","overlay-color":"","overlay-opacity":"","overlay-gradient":""}},"ast-content-background-meta":{"desktop":{"background-color":"var(--ast-global-color-4)","background-image":"","background-repeat":"repeat","background-position":"center center","background-size":"auto","background-attachment":"scroll","background-type":"","background-media":"","overlay-type":"","overlay-color":"","overlay-opacity":"","overlay-gradient":""},"tablet":{"background-color":"var(--ast-global-color-4)","background-image":"","background-repeat":"repeat","background-position":"center center","background-size":"auto","background-attachment":"scroll","background-type":"","background-media":"","overlay-type":"","overlay-color":"","overlay-opacity":"","overlay-gradient":""},"mobile":{"background-color":"var(--ast-global-color-4)","background-image":"","background-repeat":"repeat","background-position":"center center","background-size":"auto","background-attachment":"scroll","background-type":"","background-media":"","overlay-type":"","overlay-color":"","overlay-opacity":"","overlay-gradient":""}},"footnotes":""},"class_list":["post-221","page","type-page","status-publish","hentry"],"acf":[],"_links":{"self":[{"href":"https:\/\/confluence-perou.com\/es\/wp-json\/wp\/v2\/pages\/221","targetHints":{"allow":["GET"]}}],"collection":[{"href":"https:\/\/confluence-perou.com\/es\/wp-json\/wp\/v2\/pages"}],"about":[{"href":"https:\/\/confluence-perou.com\/es\/wp-json\/wp\/v2\/types\/page"}],"author":[{"embeddable":true,"href":"https:\/\/confluence-perou.com\/es\/wp-json\/wp\/v2\/users\/1"}],"replies":[{"embeddable":true,"href":"https:\/\/confluence-perou.com\/es\/wp-json\/wp\/v2\/comments?post=221"}],"version-history":[{"count":170,"href":"https:\/\/confluence-perou.com\/es\/wp-json\/wp\/v2\/pages\/221\/revisions"}],"predecessor-version":[{"id":5097,"href":"https:\/\/confluence-perou.com\/es\/wp-json\/wp\/v2\/pages\/221\/revisions\/5097"}],"wp:attachment":[{"href":"https:\/\/confluence-perou.com\/es\/wp-json\/wp\/v2\/media?parent=221"}],"curies":[{"name":"wp","href":"https:\/\/api.w.org\/{rel}","templated":true}]}}