{"id":1063,"date":"2025-01-27T21:41:59","date_gmt":"2025-01-27T21:41:59","guid":{"rendered":"https:\/\/confluence-perou.com\/?page_id=1063"},"modified":"2025-03-10T04:43:11","modified_gmt":"2025-03-10T04:43:11","slug":"gestion-de-cookies","status":"publish","type":"page","link":"https:\/\/confluence-perou.com\/es\/gestion-de-cookies\/","title":{"rendered":"Gesti\u00f3n de Cookies"},"content":{"rendered":"<div data-elementor-type=\"wp-page\" data-elementor-id=\"1063\" class=\"elementor elementor-1063\" data-elementor-post-type=\"page\">\n\t\t\t\t<div class=\"elementor-element elementor-element-a46aaf3 e-flex e-con-boxed e-con e-parent\" data-id=\"a46aaf3\" data-element_type=\"container\" data-e-type=\"container\" data-settings=\"{&quot;background_background&quot;:&quot;classic&quot;}\">\n\t\t\t\t\t<div class=\"e-con-inner\">\n\t\t\t\t\t<\/div>\n\t\t\t\t<\/div>\n\t\t<div class=\"elementor-element elementor-element-8c1f240 e-flex e-con-boxed e-con e-parent\" data-id=\"8c1f240\" data-element_type=\"container\" data-e-type=\"container\">\n\t\t\t\t\t<div class=\"e-con-inner\">\n\t\t\t\t<div class=\"elementor-element elementor-element-d4a1d17 elementor-widget elementor-widget-text-editor\" data-id=\"d4a1d17\" data-element_type=\"widget\" data-e-type=\"widget\" data-widget_type=\"text-editor.default\">\n\t\t\t\t<div class=\"elementor-widget-container\">\n\t\t\t\t\t\t\t\t\t<h1 data-pm-slice=\"1 1 []\"><span style=\"color: #000000;\"><strong>Gesti\u00f3n de cookies<\/strong><\/span><\/h1><p>Cuando navegas por el sitio <strong>Confluence P\u00e9rou<\/strong>Es posible que se coloquen cookies en su dispositivo (computadora, tableta o tel\u00e9fono inteligente). En esta secci\u00f3n le informamos sobre el uso de cookies y c\u00f3mo puede gestionarlas.<\/p><h3>\u00bfQu\u00e9 es una cookie?<\/h3><p>Una cookie es un peque\u00f1o archivo de texto que se almacena en su dispositivo cuando visita un sitio web. Nos permite recopilar informaci\u00f3n sobre tu navegaci\u00f3n para mejorar tu experiencia de usuario y ofrecerte servicios adaptados a tus preferencias.<\/p><h3>Tipos de cookies utilizadas<\/h3><p>Utilizamos diferentes tipos de cookies en nuestro sitio:<\/p><ul data-spread=\"false\"><li><p><strong>Cookies esenciales<\/strong> :Estas cookies son necesarias para el correcto funcionamiento del sitio y no se pueden desactivar. Por ejemplo, te permiten mantener tu sesi\u00f3n activa.<\/p><\/li><li><p><strong>Cookies anal\u00edticas<\/strong> :Estas cookies nos ayudan a comprender c\u00f3mo los visitantes interact\u00faan con nuestro sitio al recopilar y reportar datos an\u00f3nimos. Nos permiten mejorar continuamente nuestros servicios.<\/p><\/li><li><p><strong>Cookies de personalizaci\u00f3n<\/strong> : Facilitan tu navegaci\u00f3n recordando tus preferencias (idioma, regi\u00f3n, etc.).<\/p><\/li><li><p><strong>Cookies publicitarias<\/strong> :Estas cookies se utilizan para ofrecerle contenido y publicidad personalizados en funci\u00f3n de sus intereses.<\/p><\/li><\/ul><h3>Gesti\u00f3n de cookies<\/h3><p>Puede administrar sus preferencias de cookies en cualquier momento:<\/p><ul data-spread=\"false\"><li><p>Configurando su navegador para aceptar o rechazar las cookies.<\/p><\/li><li><p>Mediante el uso de nuestra herramienta de gesti\u00f3n de cookies disponible en el sitio.<\/p><\/li><li><p>Eliminando las cookies ya guardadas a trav\u00e9s de la configuraci\u00f3n de su navegador.<\/p><\/li><\/ul><p>Tenga en cuenta que rechazar ciertas cookies puede afectar el correcto funcionamiento del sitio y limitar ciertas funcionalidades.<\/p><h3>Contacto<\/h3><p>Para cualquier consulta respecto a nuestra pol\u00edtica de gesti\u00f3n de cookies, puede ponerse en contacto con nosotros en la siguiente direcci\u00f3n: <strong>charles@confluence-perou.com<\/strong>.<\/p><p>Al continuar navegando por nuestro sitio, acepta el uso de cookies de acuerdo con nuestra pol\u00edtica de privacidad.<\/p>\t\t\t\t\t\t\t\t<\/div>\n\t\t\t\t<\/div>\n\t\t\t\t\t<\/div>\n\t\t\t\t<\/div>\n\t\t\t\t<\/div>","protected":false},"excerpt":{"rendered":"<p>Gestion des cookies Lors de votre navigation sur le site Confluence P\u00e9rou, des cookies peuvent \u00eatre d\u00e9pos\u00e9s sur votre appareil [&hellip;]<\/p>\n","protected":false},"author":2,"featured_media":0,"parent":0,"menu_order":0,"comment_status":"closed","ping_status":"closed","template":"","meta":{"_acf_changed":false,"site-sidebar-layout":"no-sidebar","site-content-layout":"","ast-site-content-layout":"full-width-container","site-content-style":"default","site-sidebar-style":"default","ast-global-header-display":"","ast-banner-title-visibility":"","ast-main-header-display":"","ast-hfb-above-header-display":"","ast-hfb-below-header-display":"","ast-hfb-mobile-header-display":"","site-post-title":"disabled","ast-breadcrumbs-content":"","ast-featured-img":"disabled","footer-sml-layout":"","ast-disable-related-posts":"","theme-transparent-header-meta":"","adv-header-id-meta":"","stick-header-meta":"","header-above-stick-meta":"","header-main-stick-meta":"","header-below-stick-meta":"","astra-migrate-meta-layouts":"default","ast-page-background-enabled":"default","ast-page-background-meta":{"desktop":{"background-color":"var(--ast-global-color-5)","background-image":"","background-repeat":"repeat","background-position":"center center","background-size":"auto","background-attachment":"scroll","background-type":"","background-media":"","overlay-type":"","overlay-color":"","overlay-opacity":"","overlay-gradient":""},"tablet":{"background-color":"","background-image":"","background-repeat":"repeat","background-position":"center center","background-size":"auto","background-attachment":"scroll","background-type":"","background-media":"","overlay-type":"","overlay-color":"","overlay-opacity":"","overlay-gradient":""},"mobile":{"background-color":"","background-image":"","background-repeat":"repeat","background-position":"center center","background-size":"auto","background-attachment":"scroll","background-type":"","background-media":"","overlay-type":"","overlay-color":"","overlay-opacity":"","overlay-gradient":""}},"ast-content-background-meta":{"desktop":{"background-color":"var(--ast-global-color-4)","background-image":"","background-repeat":"repeat","background-position":"center center","background-size":"auto","background-attachment":"scroll","background-type":"","background-media":"","overlay-type":"","overlay-color":"","overlay-opacity":"","overlay-gradient":""},"tablet":{"background-color":"var(--ast-global-color-4)","background-image":"","background-repeat":"repeat","background-position":"center center","background-size":"auto","background-attachment":"scroll","background-type":"","background-media":"","overlay-type":"","overlay-color":"","overlay-opacity":"","overlay-gradient":""},"mobile":{"background-color":"var(--ast-global-color-4)","background-image":"","background-repeat":"repeat","background-position":"center center","background-size":"auto","background-attachment":"scroll","background-type":"","background-media":"","overlay-type":"","overlay-color":"","overlay-opacity":"","overlay-gradient":""}},"footnotes":""},"class_list":["post-1063","page","type-page","status-publish","hentry"],"acf":[],"_links":{"self":[{"href":"https:\/\/confluence-perou.com\/es\/wp-json\/wp\/v2\/pages\/1063","targetHints":{"allow":["GET"]}}],"collection":[{"href":"https:\/\/confluence-perou.com\/es\/wp-json\/wp\/v2\/pages"}],"about":[{"href":"https:\/\/confluence-perou.com\/es\/wp-json\/wp\/v2\/types\/page"}],"author":[{"embeddable":true,"href":"https:\/\/confluence-perou.com\/es\/wp-json\/wp\/v2\/users\/2"}],"replies":[{"embeddable":true,"href":"https:\/\/confluence-perou.com\/es\/wp-json\/wp\/v2\/comments?post=1063"}],"version-history":[{"count":19,"href":"https:\/\/confluence-perou.com\/es\/wp-json\/wp\/v2\/pages\/1063\/revisions"}],"predecessor-version":[{"id":4003,"href":"https:\/\/confluence-perou.com\/es\/wp-json\/wp\/v2\/pages\/1063\/revisions\/4003"}],"wp:attachment":[{"href":"https:\/\/confluence-perou.com\/es\/wp-json\/wp\/v2\/media?parent=1063"}],"curies":[{"name":"wp","href":"https:\/\/api.w.org\/{rel}","templated":true}]}}