{"id":1041,"date":"2025-01-27T21:07:46","date_gmt":"2025-01-27T21:07:46","guid":{"rendered":"https:\/\/confluence-perou.com\/?page_id=1041"},"modified":"2025-03-20T22:38:21","modified_gmt":"2025-03-20T22:38:21","slug":"menciones-legales","status":"publish","type":"page","link":"https:\/\/confluence-perou.com\/es\/menciones-legales\/","title":{"rendered":"Avisos legales"},"content":{"rendered":"<div data-elementor-type=\"wp-page\" data-elementor-id=\"1041\" class=\"elementor elementor-1041\" data-elementor-post-type=\"page\">\n\t\t\t\t<div class=\"elementor-element elementor-element-a46aaf3 e-flex e-con-boxed e-con e-parent\" data-id=\"a46aaf3\" data-element_type=\"container\" data-e-type=\"container\" data-settings=\"{&quot;background_background&quot;:&quot;classic&quot;}\">\n\t\t\t\t\t<div class=\"e-con-inner\">\n\t\t\t\t\t<\/div>\n\t\t\t\t<\/div>\n\t\t<div class=\"elementor-element elementor-element-8c1f240 e-flex e-con-boxed e-con e-parent\" data-id=\"8c1f240\" data-element_type=\"container\" data-e-type=\"container\">\n\t\t\t\t\t<div class=\"e-con-inner\">\n\t\t\t\t<div class=\"elementor-element elementor-element-d4a1d17 elementor-widget elementor-widget-text-editor\" data-id=\"d4a1d17\" data-element_type=\"widget\" data-e-type=\"widget\" data-widget_type=\"text-editor.default\">\n\t\t\t\t<div class=\"elementor-widget-container\">\n\t\t\t\t\t\t\t\t\t<h1>Avisos legales<\/h1><h2>Informaci\u00f3n de la empresa<\/h2><p><strong>Nombre de empresa:<\/strong> Confluence P\u00e9rou<\/p><p><strong>Estatus legal :<\/strong> Sociedad An\u00f3nima Simplificada (SAS)<\/p><p><strong>Oficina central:<\/strong> 60 rue Fran\u00e7ois 1er, 75008 Par\u00eds<\/p><p><strong>Capital social:<\/strong> 10.000 euros<\/p><p><strong>N\u00famero de registro:<\/strong> 938 211 059 RCS Par\u00eds<\/p><p><strong>Lugar de registro:<\/strong> Par\u00eds<\/p><p><strong>Responsable de la publicaci\u00f3n:<\/strong> Geraldine Bastide<\/p><p><strong>Contacto :<\/strong> <a href=\"mailto:geraldine@confluence-perou.com\">geraldine@confluence-perou.com<\/a> | +33 7 81 74 77 97<\/p><h2>Informaci\u00f3n del anfitri\u00f3n<\/h2><p><strong>Anfitri\u00f3n:<\/strong> Agencia de gatos<\/p><p><strong>Direcci\u00f3n del host:<\/strong> AV. Brasil No. 2475, Jes\u00fas Mar\u00eda \u2013 Lima, Per\u00fa<\/p><p><strong>N\u00famero de tel\u00e9fono del anfitri\u00f3n:<\/strong> +51 946 380 310<\/p><h2>Acerca de Confluence Per\u00fa<\/h2><p>Confluence Per\u00fa es una empresa que ofrece tours tur\u00edsticos y una tienda online. Desde su sitio web, Confluence Per\u00fa ofrece a los usuarios de Internet los siguientes servicios:<\/p><ul><li>Informaci\u00f3n, consejos y datos pr\u00e1cticos<\/li><li>Promoci\u00f3n de programas tur\u00edsticos aut\u00e9nticos en colaboraci\u00f3n con agencias locales en Per\u00fa<\/li><li>Conectando con agencias locales para crear viajes personalizados<\/li><li>Sistema de env\u00edo de datos e informaci\u00f3n a contactos y socios seleccionados<\/li><li>Sistema de pago seguro para agencias locales<\/li><li>Asesoramiento para el desarrollo de itinerarios personalizados en Per\u00fa<\/li><li>Venta de productos peruanos<\/li><\/ul><h2>Propiedad intelectual<\/h2><p>Todos los contenidos del sitio (textos, im\u00e1genes, v\u00eddeos, gr\u00e1ficos, logotipos, etc.) est\u00e1n protegidos por la legislaci\u00f3n vigente en materia de propiedad intelectual. Confluence posee o posee los derechos de uso de estos elementos. Cualquier reproducci\u00f3n, modificaci\u00f3n, distribuci\u00f3n o utilizaci\u00f3n sin autorizaci\u00f3n previa por escrito queda estrictamente prohibida.<\/p><h2>Protecci\u00f3n de datos (cumplimiento del RGPD)<\/h2><p>De conformidad con el Reglamento General de Protecci\u00f3n de Datos (RGPD), Confluence Per\u00fa se compromete a proteger los datos personales de los usuarios de su sitio.<\/p><p><strong>Responsable del tratamiento de datos:<\/strong> Charles BASTIDE<\/p><p><strong>Finalidad del tratamiento:<\/strong> Gestion des commandes, service client, envoi de newsletters.<\/p><p>Les utilisateurs disposent d\u2019un droit d\u2019acc\u00e8s, de rectification, de suppression et de portabilit\u00e9 de leurs donn\u00e9es en contactant : <a href=\"mailto:charles@confluence-perou.com\">charles@confluence-perou.com<\/a><\/p><h2>Descargo de responsabilidad<\/h2><p>Confluence se esfuerza por proporcionar informaci\u00f3n precisa y actualizada en su sitio, pero no asume ninguna responsabilidad por errores u omisiones. La empresa no se hace responsable de los da\u00f1os relacionados con el uso del sitio o de los enlaces de hipertexto a sitios de terceros.<\/p><h2>Ley aplicable y jurisdicci\u00f3n<\/h2><p>El presente aviso legal se rige por <strong>Legislaci\u00f3n francesa<\/strong>. En caso de controversia, los tribunales competentes ser\u00e1n los del lugar de celebraci\u00f3n del contrato. <strong>Sede Confluence Per\u00fa<\/strong>.<\/p>\t\t\t\t\t\t\t\t<\/div>\n\t\t\t\t<\/div>\n\t\t\t\t\t<\/div>\n\t\t\t\t<\/div>\n\t\t\t\t<\/div>","protected":false},"excerpt":{"rendered":"<p>Mentions L\u00e9gales Informations sur l\u2019Entreprise D\u00e9nomination sociale : Confluence P\u00e9rou Forme juridique : Soci\u00e9t\u00e9 par Actions Simplifi\u00e9e (SAS) Si\u00e8ge social [&hellip;]<\/p>\n","protected":false},"author":2,"featured_media":0,"parent":0,"menu_order":0,"comment_status":"closed","ping_status":"closed","template":"","meta":{"_acf_changed":false,"site-sidebar-layout":"no-sidebar","site-content-layout":"","ast-site-content-layout":"full-width-container","site-content-style":"default","site-sidebar-style":"default","ast-global-header-display":"","ast-banner-title-visibility":"","ast-main-header-display":"","ast-hfb-above-header-display":"","ast-hfb-below-header-display":"","ast-hfb-mobile-header-display":"","site-post-title":"disabled","ast-breadcrumbs-content":"","ast-featured-img":"disabled","footer-sml-layout":"","ast-disable-related-posts":"","theme-transparent-header-meta":"","adv-header-id-meta":"","stick-header-meta":"","header-above-stick-meta":"","header-main-stick-meta":"","header-below-stick-meta":"","astra-migrate-meta-layouts":"default","ast-page-background-enabled":"default","ast-page-background-meta":{"desktop":{"background-color":"var(--ast-global-color-5)","background-image":"","background-repeat":"repeat","background-position":"center center","background-size":"auto","background-attachment":"scroll","background-type":"","background-media":"","overlay-type":"","overlay-color":"","overlay-opacity":"","overlay-gradient":""},"tablet":{"background-color":"","background-image":"","background-repeat":"repeat","background-position":"center center","background-size":"auto","background-attachment":"scroll","background-type":"","background-media":"","overlay-type":"","overlay-color":"","overlay-opacity":"","overlay-gradient":""},"mobile":{"background-color":"","background-image":"","background-repeat":"repeat","background-position":"center center","background-size":"auto","background-attachment":"scroll","background-type":"","background-media":"","overlay-type":"","overlay-color":"","overlay-opacity":"","overlay-gradient":""}},"ast-content-background-meta":{"desktop":{"background-color":"var(--ast-global-color-4)","background-image":"","background-repeat":"repeat","background-position":"center center","background-size":"auto","background-attachment":"scroll","background-type":"","background-media":"","overlay-type":"","overlay-color":"","overlay-opacity":"","overlay-gradient":""},"tablet":{"background-color":"var(--ast-global-color-4)","background-image":"","background-repeat":"repeat","background-position":"center center","background-size":"auto","background-attachment":"scroll","background-type":"","background-media":"","overlay-type":"","overlay-color":"","overlay-opacity":"","overlay-gradient":""},"mobile":{"background-color":"var(--ast-global-color-4)","background-image":"","background-repeat":"repeat","background-position":"center center","background-size":"auto","background-attachment":"scroll","background-type":"","background-media":"","overlay-type":"","overlay-color":"","overlay-opacity":"","overlay-gradient":""}},"footnotes":""},"class_list":["post-1041","page","type-page","status-publish","hentry"],"acf":[],"_links":{"self":[{"href":"https:\/\/confluence-perou.com\/es\/wp-json\/wp\/v2\/pages\/1041","targetHints":{"allow":["GET"]}}],"collection":[{"href":"https:\/\/confluence-perou.com\/es\/wp-json\/wp\/v2\/pages"}],"about":[{"href":"https:\/\/confluence-perou.com\/es\/wp-json\/wp\/v2\/types\/page"}],"author":[{"embeddable":true,"href":"https:\/\/confluence-perou.com\/es\/wp-json\/wp\/v2\/users\/2"}],"replies":[{"embeddable":true,"href":"https:\/\/confluence-perou.com\/es\/wp-json\/wp\/v2\/comments?post=1041"}],"version-history":[{"count":32,"href":"https:\/\/confluence-perou.com\/es\/wp-json\/wp\/v2\/pages\/1041\/revisions"}],"predecessor-version":[{"id":3991,"href":"https:\/\/confluence-perou.com\/es\/wp-json\/wp\/v2\/pages\/1041\/revisions\/3991"}],"wp:attachment":[{"href":"https:\/\/confluence-perou.com\/es\/wp-json\/wp\/v2\/media?parent=1041"}],"curies":[{"name":"wp","href":"https:\/\/api.w.org\/{rel}","templated":true}]}}