{"id":4953,"date":"2024-12-23T20:57:55","date_gmt":"2024-12-23T20:57:55","guid":{"rendered":"https:\/\/confluence-perou.com\/?post_type=product&#038;p=4953"},"modified":"2025-09-18T09:20:20","modified_gmt":"2025-09-18T09:20:20","slug":"avocado-sweater","status":"publish","type":"product","link":"https:\/\/confluence-perou.com\/en\/producto\/avocado-sweater\/","title":{"rendered":"Avocado Sweater"},"content":{"rendered":"<p>A little gourmet wink with the <strong>Avocado Sweater<\/strong>, a round-neck baby sweater adorned with a hand-embroidered avocado on the front. A fun and tender choice for guacamole lovers... right from the cradle!<\/p>\n<p><strong>Hand knitted in 100% sustainable baby alpaca by Peruvian artisans.<\/strong><\/p>\n<p><strong>Kusi Kusi<\/strong> \u2013 When craftsmanship, humor and solidarity commitment meet in responsible and warm baby fashion.<\/p>\n<p>Material: 100% Baby Alpaca<\/p>","protected":false},"excerpt":{"rendered":"<p>Un petit clin d&rsquo;\u0153il gourmand avec le Avocado Sweater, un pull b\u00e9b\u00e9 \u00e0 col rond orn\u00e9 d\u2019un avocat brod\u00e9 \u00e0 [&hellip;]<\/p>\n","protected":false},"featured_media":4939,"comment_status":"open","ping_status":"closed","template":"","meta":{"_acf_changed":false,"site-sidebar-layout":"default","site-content-layout":"","ast-site-content-layout":"default","site-content-style":"default","site-sidebar-style":"default","ast-global-header-display":"","ast-banner-title-visibility":"","ast-main-header-display":"","ast-hfb-above-header-display":"","ast-hfb-below-header-display":"","ast-hfb-mobile-header-display":"","site-post-title":"","ast-breadcrumbs-content":"","ast-featured-img":"","footer-sml-layout":"","ast-disable-related-posts":"","theme-transparent-header-meta":"default","adv-header-id-meta":"","stick-header-meta":"","header-above-stick-meta":"","header-main-stick-meta":"","header-below-stick-meta":"","astra-migrate-meta-layouts":"set","ast-page-background-enabled":"default","ast-page-background-meta":{"desktop":{"background-color":"var(--ast-global-color-5)","background-image":"","background-repeat":"repeat","background-position":"center center","background-size":"auto","background-attachment":"scroll","background-type":"","background-media":"","overlay-type":"","overlay-color":"","overlay-opacity":"","overlay-gradient":""},"tablet":{"background-color":"","background-image":"","background-repeat":"repeat","background-position":"center center","background-size":"auto","background-attachment":"scroll","background-type":"","background-media":"","overlay-type":"","overlay-color":"","overlay-opacity":"","overlay-gradient":""},"mobile":{"background-color":"","background-image":"","background-repeat":"repeat","background-position":"center center","background-size":"auto","background-attachment":"scroll","background-type":"","background-media":"","overlay-type":"","overlay-color":"","overlay-opacity":"","overlay-gradient":""}},"ast-content-background-meta":{"desktop":{"background-color":"var(--ast-global-color-4)","background-image":"","background-repeat":"repeat","background-position":"center center","background-size":"auto","background-attachment":"scroll","background-type":"","background-media":"","overlay-type":"","overlay-color":"","overlay-opacity":"","overlay-gradient":""},"tablet":{"background-color":"var(--ast-global-color-4)","background-image":"","background-repeat":"repeat","background-position":"center center","background-size":"auto","background-attachment":"scroll","background-type":"","background-media":"","overlay-type":"","overlay-color":"","overlay-opacity":"","overlay-gradient":""},"mobile":{"background-color":"var(--ast-global-color-4)","background-image":"","background-repeat":"repeat","background-position":"center center","background-size":"auto","background-attachment":"scroll","background-type":"","background-media":"","overlay-type":"","overlay-color":"","overlay-opacity":"","overlay-gradient":""}}},"tipo-de-destino":[],"product_brand":[],"product_cat":[123,69],"product_tag":[],"producto-p":[],"class_list":{"0":"post-4953","1":"product","2":"type-product","3":"status-publish","4":"has-post-thumbnail","6":"product_cat-bebes","7":"product_cat-boutique","8":"desktop-align-left","9":"tablet-align-left","10":"mobile-align-left","12":"first","13":"instock","14":"shipping-taxable","15":"purchasable","16":"product-type-variable"},"exclude_global_add_ons":false,"addons":[{"name":"Available","type":"heading","position":0,"required":false,"title_format":"label","default":"","description_enable":true,"description":"Free delivery. More responsible fashion starts here!","placeholder_enable":false,"placeholder":"","display":"select","restrictions_type":"any_text","adjust_price":false,"price":"","price_type":"flat_fee","restrictions":false,"min":"0","max":"0","options":[],"id":1744403759},{"name":"About KusiKusi","type":"heading","position":1,"required":false,"title_format":"label","default":"","description_enable":true,"description":"KusiKusi, which means &#034;hardworking spider&#034; and &#034;happiness&#034; in Quechua, has been promoting women&#039;s craftsmanship since 2009. The brand was born from a social program aimed at empowering women in rural Peruvian communities by providing them with training and access to the international market. Each garment is the result of an ethical, supportive, and sustainable commitment. <a href=\"https:\/\/youtu.be\/1qisbUTzRP4\" target=\"_blank\" style=\"color: #00BFFF;text-decoration: underline\">Presentation video<\/a>","placeholder_enable":false,"placeholder":"","display":"select","restrictions_type":"any_text","adjust_price":false,"price":"","price_type":"flat_fee","restrictions":false,"min":"0","max":"0","options":[],"id":1744403760},{"name":"Adults","type":"input_multiplier","position":0,"required":false,"title_format":"label","default":"","description_enable":false,"description":"","placeholder_enable":false,"placeholder":"","display":"select","restrictions_type":"any_text","adjust_price":true,"price":"500","price_type":"quantity_based","restrictions":true,"min":"1","max":"10","options":[],"id":1738190084},{"name":"Children","type":"input_multiplier","position":1,"required":false,"title_format":"label","default":"","description_enable":false,"description":"","placeholder_enable":false,"placeholder":"","display":"select","restrictions_type":"any_text","adjust_price":true,"price":"450","price_type":"quantity_based","restrictions":true,"min":"0","max":"10","options":[],"id":1738203047},{"name":"Travel dates","type":"datepicker","position":2,"required":true,"title_format":"label","default":"","description_enable":false,"description":"","placeholder_enable":false,"placeholder":"","display":"select","restrictions_type":"any_text","adjust_price":false,"price":"","price_type":"flat_fee","restrictions":false,"min":"0","max":"0","options":[],"id":1738203218},{"name":"End date","type":"datepicker","position":3,"required":false,"title_format":"label","default":"","description_enable":false,"description":"","placeholder_enable":false,"placeholder":"","display":"select","restrictions_type":"any_text","adjust_price":false,"price":"","price_type":"flat_fee","restrictions":false,"min":"0","max":"0","options":[],"id":1739208936},{"name":"Languages \u200b\u200bspoken","type":"multiple_choice","position":4,"required":true,"title_format":"label","default":"","description_enable":false,"description":"","placeholder_enable":false,"placeholder":"","display":"select","restrictions_type":"any_text","adjust_price":false,"price":"","price_type":"flat_fee","restrictions":false,"min":"0","max":"0","options":[{"label":"Espa\u00f1ol","price":"","price_type":"flat_fee","image":0,"visibility":true},{"label":"Ingles","price":"","price_type":"flat_fee","image":0,"visibility":true},{"label":"Frances","price":"","price_type":"flat_fee","image":0,"visibility":true}],"id":1738203762},{"name":"Country","type":"custom_text","position":5,"required":true,"title_format":"label","default":"","description_enable":false,"description":"","placeholder_enable":false,"placeholder":"","display":"select","restrictions_type":"only_letters","adjust_price":false,"price":"","price_type":"flat_fee","restrictions":false,"min":"0","max":"0","options":[],"id":1738203944},{"name":"Full name","type":"custom_text","position":6,"required":false,"title_format":"label","default":"","description_enable":false,"description":"","placeholder_enable":true,"placeholder":"ingrese su nombre completo","display":"select","restrictions_type":"only_letters","adjust_price":false,"price":"","price_type":"flat_fee","restrictions":false,"min":"0","max":"0","options":[],"id":1738204184},{"name":"E-mail address","type":"custom_text","position":7,"required":true,"title_format":"label","default":"","description_enable":false,"description":"","placeholder_enable":false,"placeholder":"","display":"select","restrictions_type":"email","adjust_price":false,"price":"","price_type":"flat_fee","restrictions":false,"min":"0","max":"0","options":[],"id":1738204368}],"acf":[],"_links":{"self":[{"href":"https:\/\/confluence-perou.com\/en\/wp-json\/wp\/v2\/product\/4953","targetHints":{"allow":["GET"]}}],"collection":[{"href":"https:\/\/confluence-perou.com\/en\/wp-json\/wp\/v2\/product"}],"about":[{"href":"https:\/\/confluence-perou.com\/en\/wp-json\/wp\/v2\/types\/product"}],"replies":[{"embeddable":true,"href":"https:\/\/confluence-perou.com\/en\/wp-json\/wp\/v2\/comments?post=4953"}],"wp:featuredmedia":[{"embeddable":true,"href":"https:\/\/confluence-perou.com\/en\/wp-json\/wp\/v2\/media\/4939"}],"wp:attachment":[{"href":"https:\/\/confluence-perou.com\/en\/wp-json\/wp\/v2\/media?parent=4953"}],"wp:term":[{"taxonomy":"tipo-de-destino","embeddable":true,"href":"https:\/\/confluence-perou.com\/en\/wp-json\/wp\/v2\/tipo-de-destino?post=4953"},{"taxonomy":"product_brand","embeddable":true,"href":"https:\/\/confluence-perou.com\/en\/wp-json\/wp\/v2\/product_brand?post=4953"},{"taxonomy":"product_cat","embeddable":true,"href":"https:\/\/confluence-perou.com\/en\/wp-json\/wp\/v2\/product_cat?post=4953"},{"taxonomy":"product_tag","embeddable":true,"href":"https:\/\/confluence-perou.com\/en\/wp-json\/wp\/v2\/product_tag?post=4953"},{"taxonomy":"producto-p","embeddable":true,"href":"https:\/\/confluence-perou.com\/en\/wp-json\/wp\/v2\/producto-p?post=4953"}],"curies":[{"name":"wp","href":"https:\/\/api.w.org\/{rel}","templated":true}]}}