{"id":4870,"date":"2025-01-03T17:27:44","date_gmt":"2025-01-03T17:27:44","guid":{"rendered":"https:\/\/confluence-perou.com\/?post_type=product&#038;p=4870"},"modified":"2025-09-18T08:58:32","modified_gmt":"2025-09-18T08:58:32","slug":"small-cosmetic-pouch","status":"publish","type":"product","link":"https:\/\/confluence-perou.com\/en\/producto\/small-cosmetic-pouch\/","title":{"rendered":"Small Cosmetic Pouch"},"content":{"rendered":"<p>Store and carry all your skincare and beauty products in our small, easy-to-use, compact, and delicately striped cosmetic bag. Featuring a water-resistant lining for easy cleaning and efficient mobility on all your travel adventures.<\/p>\n<p>Each pouch is handwoven, features vibrant colors, a trendy tassel zipper pull, and a chic leather back. Non-toxic dyed sheep wool, locally sourced Peruvian leather, and a brass zipper. Handwoven using traditional Andean textile techniques.<\/p>\n<p>Spot clean only. Ethically handcrafted one by one by master Andean artisans in the Sacred Valley, slight variations make each piece truly one-of-a-kind.<\/p>\n<ul>\n<li>Handmade in Peru<\/li>\n<li>Materials: Non-toxic dyed sheep wool, Peruvian leather, bronze zipper<\/li>\n<li>Dimensions\u00a0: 20,3 x 6,4 x 15,2\u00a0cm<\/li>\n<li>Weight: 89.99 g<\/li>\n<li>Cleaning: Hand cleaning<\/li>\n<li>Ethically and artisanally produced by Andean master craftsmen<\/li>\n<li>Plastic-free and bioplastic-free packaging<\/li>\n<\/ul>","protected":false},"excerpt":{"rendered":"<p>Rangez et emportez tous vos produits de soins de la peau et de beaut\u00e9 dans notre petite trousse \u00e0 cosm\u00e9tiques [&hellip;]<\/p>\n","protected":false},"featured_media":4679,"comment_status":"open","ping_status":"closed","template":"","meta":{"_acf_changed":false,"site-sidebar-layout":"default","site-content-layout":"","ast-site-content-layout":"default","site-content-style":"default","site-sidebar-style":"default","ast-global-header-display":"","ast-banner-title-visibility":"","ast-main-header-display":"","ast-hfb-above-header-display":"","ast-hfb-below-header-display":"","ast-hfb-mobile-header-display":"","site-post-title":"","ast-breadcrumbs-content":"","ast-featured-img":"","footer-sml-layout":"","ast-disable-related-posts":"","theme-transparent-header-meta":"default","adv-header-id-meta":"","stick-header-meta":"","header-above-stick-meta":"","header-main-stick-meta":"","header-below-stick-meta":"","astra-migrate-meta-layouts":"set","ast-page-background-enabled":"default","ast-page-background-meta":{"desktop":{"background-color":"var(--ast-global-color-5)","background-image":"","background-repeat":"repeat","background-position":"center center","background-size":"auto","background-attachment":"scroll","background-type":"","background-media":"","overlay-type":"","overlay-color":"","overlay-opacity":"","overlay-gradient":""},"tablet":{"background-color":"","background-image":"","background-repeat":"repeat","background-position":"center center","background-size":"auto","background-attachment":"scroll","background-type":"","background-media":"","overlay-type":"","overlay-color":"","overlay-opacity":"","overlay-gradient":""},"mobile":{"background-color":"","background-image":"","background-repeat":"repeat","background-position":"center center","background-size":"auto","background-attachment":"scroll","background-type":"","background-media":"","overlay-type":"","overlay-color":"","overlay-opacity":"","overlay-gradient":""}},"ast-content-background-meta":{"desktop":{"background-color":"var(--ast-global-color-4)","background-image":"","background-repeat":"repeat","background-position":"center center","background-size":"auto","background-attachment":"scroll","background-type":"","background-media":"","overlay-type":"","overlay-color":"","overlay-opacity":"","overlay-gradient":""},"tablet":{"background-color":"var(--ast-global-color-4)","background-image":"","background-repeat":"repeat","background-position":"center center","background-size":"auto","background-attachment":"scroll","background-type":"","background-media":"","overlay-type":"","overlay-color":"","overlay-opacity":"","overlay-gradient":""},"mobile":{"background-color":"var(--ast-global-color-4)","background-image":"","background-repeat":"repeat","background-position":"center center","background-size":"auto","background-attachment":"scroll","background-type":"","background-media":"","overlay-type":"","overlay-color":"","overlay-opacity":"","overlay-gradient":""}}},"tipo-de-destino":[],"product_brand":[],"product_cat":[120,69],"product_tag":[],"producto-p":[],"class_list":{"0":"post-4870","1":"product","2":"type-product","3":"status-publish","4":"has-post-thumbnail","6":"product_cat-accessoires","7":"product_cat-boutique","8":"desktop-align-left","9":"tablet-align-left","10":"mobile-align-left","12":"first","13":"instock","14":"shipping-taxable","15":"purchasable","16":"product-type-variable"},"exclude_global_add_ons":false,"addons":[{"name":"Available","type":"heading","position":0,"required":false,"title_format":"label","default":"","description_enable":true,"description":"Livraison offerte. Une consommation plus responsable commence ici !","placeholder_enable":false,"placeholder":"","display":"select","restrictions_type":"any_text","adjust_price":false,"price":"","price_type":"flat_fee","restrictions":false,"min":"0","max":"0","options":[],"id":1744409071},{"name":"A propos d'Awamaki","type":"heading","position":1,"required":false,"title_format":"label","default":"","description_enable":true,"description":"In the heart of the Peruvian Andes, near Ollantaytambo, women artisans are weaving more than just textiles: they&#039;re building a sustainable future. Each piece, handmade using ancestral techniques, supports their access to education and financial independence. With Awamaki, you&#039;re promoting their expertise and contributing to fairer trade. <a href=\"https:\/\/vimeo.com\/228854621\" target=\"_blank\" style=\"color: #00BFFF;text-decoration: underline\">Presentation video<\/a>","placeholder_enable":false,"placeholder":"","display":"select","restrictions_type":"any_text","adjust_price":false,"price":"","price_type":"flat_fee","restrictions":false,"min":"0","max":"0","options":[],"id":1744409072},{"name":"Adults","type":"input_multiplier","position":0,"required":false,"title_format":"label","default":"","description_enable":false,"description":"","placeholder_enable":false,"placeholder":"","display":"select","restrictions_type":"any_text","adjust_price":true,"price":"500","price_type":"quantity_based","restrictions":true,"min":"1","max":"10","options":[],"id":1738190084},{"name":"Children","type":"input_multiplier","position":1,"required":false,"title_format":"label","default":"","description_enable":false,"description":"","placeholder_enable":false,"placeholder":"","display":"select","restrictions_type":"any_text","adjust_price":true,"price":"450","price_type":"quantity_based","restrictions":true,"min":"0","max":"10","options":[],"id":1738203047},{"name":"Travel dates","type":"datepicker","position":2,"required":true,"title_format":"label","default":"","description_enable":false,"description":"","placeholder_enable":false,"placeholder":"","display":"select","restrictions_type":"any_text","adjust_price":false,"price":"","price_type":"flat_fee","restrictions":false,"min":"0","max":"0","options":[],"id":1738203218},{"name":"End date","type":"datepicker","position":3,"required":false,"title_format":"label","default":"","description_enable":false,"description":"","placeholder_enable":false,"placeholder":"","display":"select","restrictions_type":"any_text","adjust_price":false,"price":"","price_type":"flat_fee","restrictions":false,"min":"0","max":"0","options":[],"id":1739208936},{"name":"Languages \u200b\u200bspoken","type":"multiple_choice","position":4,"required":true,"title_format":"label","default":"","description_enable":false,"description":"","placeholder_enable":false,"placeholder":"","display":"select","restrictions_type":"any_text","adjust_price":false,"price":"","price_type":"flat_fee","restrictions":false,"min":"0","max":"0","options":[{"label":"Espa\u00f1ol","price":"","price_type":"flat_fee","image":0,"visibility":true},{"label":"Ingles","price":"","price_type":"flat_fee","image":0,"visibility":true},{"label":"Frances","price":"","price_type":"flat_fee","image":0,"visibility":true}],"id":1738203762},{"name":"Country","type":"custom_text","position":5,"required":true,"title_format":"label","default":"","description_enable":false,"description":"","placeholder_enable":false,"placeholder":"","display":"select","restrictions_type":"only_letters","adjust_price":false,"price":"","price_type":"flat_fee","restrictions":false,"min":"0","max":"0","options":[],"id":1738203944},{"name":"Full name","type":"custom_text","position":6,"required":false,"title_format":"label","default":"","description_enable":false,"description":"","placeholder_enable":true,"placeholder":"ingrese su nombre completo","display":"select","restrictions_type":"only_letters","adjust_price":false,"price":"","price_type":"flat_fee","restrictions":false,"min":"0","max":"0","options":[],"id":1738204184},{"name":"E-mail address","type":"custom_text","position":7,"required":true,"title_format":"label","default":"","description_enable":false,"description":"","placeholder_enable":false,"placeholder":"","display":"select","restrictions_type":"email","adjust_price":false,"price":"","price_type":"flat_fee","restrictions":false,"min":"0","max":"0","options":[],"id":1738204368}],"acf":[],"_links":{"self":[{"href":"https:\/\/confluence-perou.com\/en\/wp-json\/wp\/v2\/product\/4870","targetHints":{"allow":["GET"]}}],"collection":[{"href":"https:\/\/confluence-perou.com\/en\/wp-json\/wp\/v2\/product"}],"about":[{"href":"https:\/\/confluence-perou.com\/en\/wp-json\/wp\/v2\/types\/product"}],"replies":[{"embeddable":true,"href":"https:\/\/confluence-perou.com\/en\/wp-json\/wp\/v2\/comments?post=4870"}],"wp:featuredmedia":[{"embeddable":true,"href":"https:\/\/confluence-perou.com\/en\/wp-json\/wp\/v2\/media\/4679"}],"wp:attachment":[{"href":"https:\/\/confluence-perou.com\/en\/wp-json\/wp\/v2\/media?parent=4870"}],"wp:term":[{"taxonomy":"tipo-de-destino","embeddable":true,"href":"https:\/\/confluence-perou.com\/en\/wp-json\/wp\/v2\/tipo-de-destino?post=4870"},{"taxonomy":"product_brand","embeddable":true,"href":"https:\/\/confluence-perou.com\/en\/wp-json\/wp\/v2\/product_brand?post=4870"},{"taxonomy":"product_cat","embeddable":true,"href":"https:\/\/confluence-perou.com\/en\/wp-json\/wp\/v2\/product_cat?post=4870"},{"taxonomy":"product_tag","embeddable":true,"href":"https:\/\/confluence-perou.com\/en\/wp-json\/wp\/v2\/product_tag?post=4870"},{"taxonomy":"producto-p","embeddable":true,"href":"https:\/\/confluence-perou.com\/en\/wp-json\/wp\/v2\/producto-p?post=4870"}],"curies":[{"name":"wp","href":"https:\/\/api.w.org\/{rel}","templated":true}]}}