{"id":4403,"date":"2025-01-07T17:46:48","date_gmt":"2025-01-07T17:46:48","guid":{"rendered":"https:\/\/confluence-perou.com\/?post_type=product&#038;p=4403"},"modified":"2025-09-18T08:52:37","modified_gmt":"2025-09-18T08:52:37","slug":"khaki-green-short-sleeve-shirt","status":"publish","type":"product","link":"https:\/\/confluence-perou.com\/en\/producto\/khaki-green-short-sleeve-shirt\/","title":{"rendered":"Khaki Green Short-Sleeve Shirt"},"content":{"rendered":"<p data-pm-slice=\"1 1 []\">Opt for a natural look with this short-sleeved khaki linen shirt. Lightweight and breathable, it features a unique, hand-sewn patch on the back depicting the Andean landscapes beloved by designer Eibhlin. A unique garment that combines comfort and exceptional craftsmanship.<\/p>\n<p>Each piece in the Hilo partner brand&#039;s collection is the result of exceptional craftsmanship, passionately crafted in Cusco, revealing Eibhlin&#039;s creative imprint through high-quality fabrics. Experience a unique garment, steeped in history and tradition.<\/p>","protected":false},"excerpt":{"rendered":"<p>Optez pour un style naturel avec cette chemise en lin kaki \u00e0 manches courtes. L\u00e9g\u00e8re et respirante, elle se distingue [&hellip;]<\/p>\n","protected":false},"featured_media":4407,"comment_status":"open","ping_status":"closed","template":"","meta":{"_acf_changed":false,"site-sidebar-layout":"default","site-content-layout":"","ast-site-content-layout":"default","site-content-style":"default","site-sidebar-style":"default","ast-global-header-display":"","ast-banner-title-visibility":"","ast-main-header-display":"","ast-hfb-above-header-display":"","ast-hfb-below-header-display":"","ast-hfb-mobile-header-display":"","site-post-title":"","ast-breadcrumbs-content":"","ast-featured-img":"","footer-sml-layout":"","ast-disable-related-posts":"","theme-transparent-header-meta":"default","adv-header-id-meta":"","stick-header-meta":"","header-above-stick-meta":"","header-main-stick-meta":"","header-below-stick-meta":"","astra-migrate-meta-layouts":"set","ast-page-background-enabled":"default","ast-page-background-meta":{"desktop":{"background-color":"var(--ast-global-color-5)","background-image":"","background-repeat":"repeat","background-position":"center center","background-size":"auto","background-attachment":"scroll","background-type":"","background-media":"","overlay-type":"","overlay-color":"","overlay-opacity":"","overlay-gradient":""},"tablet":{"background-color":"","background-image":"","background-repeat":"repeat","background-position":"center center","background-size":"auto","background-attachment":"scroll","background-type":"","background-media":"","overlay-type":"","overlay-color":"","overlay-opacity":"","overlay-gradient":""},"mobile":{"background-color":"","background-image":"","background-repeat":"repeat","background-position":"center center","background-size":"auto","background-attachment":"scroll","background-type":"","background-media":"","overlay-type":"","overlay-color":"","overlay-opacity":"","overlay-gradient":""}},"ast-content-background-meta":{"desktop":{"background-color":"var(--ast-global-color-4)","background-image":"","background-repeat":"repeat","background-position":"center center","background-size":"auto","background-attachment":"scroll","background-type":"","background-media":"","overlay-type":"","overlay-color":"","overlay-opacity":"","overlay-gradient":""},"tablet":{"background-color":"var(--ast-global-color-4)","background-image":"","background-repeat":"repeat","background-position":"center center","background-size":"auto","background-attachment":"scroll","background-type":"","background-media":"","overlay-type":"","overlay-color":"","overlay-opacity":"","overlay-gradient":""},"mobile":{"background-color":"var(--ast-global-color-4)","background-image":"","background-repeat":"repeat","background-position":"center center","background-size":"auto","background-attachment":"scroll","background-type":"","background-media":"","overlay-type":"","overlay-color":"","overlay-opacity":"","overlay-gradient":""}}},"tipo-de-destino":[],"product_brand":[],"product_cat":[69,24],"product_tag":[],"producto-p":[],"class_list":{"0":"post-4403","1":"product","2":"type-product","3":"status-publish","4":"has-post-thumbnail","6":"product_cat-boutique","7":"product_cat-ropa","8":"desktop-align-left","9":"tablet-align-left","10":"mobile-align-left","12":"first","13":"instock","14":"shipping-taxable","15":"purchasable","16":"product-type-variable"},"exclude_global_add_ons":false,"addons":[{"name":"Available for pre-order.","type":"heading","position":0,"required":false,"title_format":"label","default":"","description_enable":true,"description":"We only manufacture what&#039;s necessary to avoid waste and pollution. Order today with free delivery. More responsible fashion starts here!","placeholder_enable":false,"placeholder":"","display":"select","restrictions_type":"any_text","adjust_price":false,"price":"","price_type":"flat_fee","restrictions":false,"min":"0","max":"0","options":[],"id":1758185558},{"name":"Adults","type":"input_multiplier","position":0,"required":false,"title_format":"label","default":"","description_enable":false,"description":"","placeholder_enable":false,"placeholder":"","display":"select","restrictions_type":"any_text","adjust_price":true,"price":"500","price_type":"quantity_based","restrictions":true,"min":"1","max":"10","options":[],"id":1738190084},{"name":"Children","type":"input_multiplier","position":1,"required":false,"title_format":"label","default":"","description_enable":false,"description":"","placeholder_enable":false,"placeholder":"","display":"select","restrictions_type":"any_text","adjust_price":true,"price":"450","price_type":"quantity_based","restrictions":true,"min":"0","max":"10","options":[],"id":1738203047},{"name":"Travel dates","type":"datepicker","position":2,"required":true,"title_format":"label","default":"","description_enable":false,"description":"","placeholder_enable":false,"placeholder":"","display":"select","restrictions_type":"any_text","adjust_price":false,"price":"","price_type":"flat_fee","restrictions":false,"min":"0","max":"0","options":[],"id":1738203218},{"name":"End date","type":"datepicker","position":3,"required":false,"title_format":"label","default":"","description_enable":false,"description":"","placeholder_enable":false,"placeholder":"","display":"select","restrictions_type":"any_text","adjust_price":false,"price":"","price_type":"flat_fee","restrictions":false,"min":"0","max":"0","options":[],"id":1739208936},{"name":"Languages \u200b\u200bspoken","type":"multiple_choice","position":4,"required":true,"title_format":"label","default":"","description_enable":false,"description":"","placeholder_enable":false,"placeholder":"","display":"select","restrictions_type":"any_text","adjust_price":false,"price":"","price_type":"flat_fee","restrictions":false,"min":"0","max":"0","options":[{"label":"Espa\u00f1ol","price":"","price_type":"flat_fee","image":0,"visibility":true},{"label":"Ingles","price":"","price_type":"flat_fee","image":0,"visibility":true},{"label":"Frances","price":"","price_type":"flat_fee","image":0,"visibility":true}],"id":1738203762},{"name":"Country","type":"custom_text","position":5,"required":true,"title_format":"label","default":"","description_enable":false,"description":"","placeholder_enable":false,"placeholder":"","display":"select","restrictions_type":"only_letters","adjust_price":false,"price":"","price_type":"flat_fee","restrictions":false,"min":"0","max":"0","options":[],"id":1738203944},{"name":"Full name","type":"custom_text","position":6,"required":false,"title_format":"label","default":"","description_enable":false,"description":"","placeholder_enable":true,"placeholder":"ingrese su nombre completo","display":"select","restrictions_type":"only_letters","adjust_price":false,"price":"","price_type":"flat_fee","restrictions":false,"min":"0","max":"0","options":[],"id":1738204184},{"name":"E-mail address","type":"custom_text","position":7,"required":true,"title_format":"label","default":"","description_enable":false,"description":"","placeholder_enable":false,"placeholder":"","display":"select","restrictions_type":"email","adjust_price":false,"price":"","price_type":"flat_fee","restrictions":false,"min":"0","max":"0","options":[],"id":1738204368}],"acf":[],"_links":{"self":[{"href":"https:\/\/confluence-perou.com\/en\/wp-json\/wp\/v2\/product\/4403","targetHints":{"allow":["GET"]}}],"collection":[{"href":"https:\/\/confluence-perou.com\/en\/wp-json\/wp\/v2\/product"}],"about":[{"href":"https:\/\/confluence-perou.com\/en\/wp-json\/wp\/v2\/types\/product"}],"replies":[{"embeddable":true,"href":"https:\/\/confluence-perou.com\/en\/wp-json\/wp\/v2\/comments?post=4403"}],"wp:featuredmedia":[{"embeddable":true,"href":"https:\/\/confluence-perou.com\/en\/wp-json\/wp\/v2\/media\/4407"}],"wp:attachment":[{"href":"https:\/\/confluence-perou.com\/en\/wp-json\/wp\/v2\/media?parent=4403"}],"wp:term":[{"taxonomy":"tipo-de-destino","embeddable":true,"href":"https:\/\/confluence-perou.com\/en\/wp-json\/wp\/v2\/tipo-de-destino?post=4403"},{"taxonomy":"product_brand","embeddable":true,"href":"https:\/\/confluence-perou.com\/en\/wp-json\/wp\/v2\/product_brand?post=4403"},{"taxonomy":"product_cat","embeddable":true,"href":"https:\/\/confluence-perou.com\/en\/wp-json\/wp\/v2\/product_cat?post=4403"},{"taxonomy":"product_tag","embeddable":true,"href":"https:\/\/confluence-perou.com\/en\/wp-json\/wp\/v2\/product_tag?post=4403"},{"taxonomy":"producto-p","embeddable":true,"href":"https:\/\/confluence-perou.com\/en\/wp-json\/wp\/v2\/producto-p?post=4403"}],"curies":[{"name":"wp","href":"https:\/\/api.w.org\/{rel}","templated":true}]}}