{"id":1063,"date":"2025-01-27T21:41:59","date_gmt":"2025-01-27T21:41:59","guid":{"rendered":"https:\/\/confluence-perou.com\/?page_id=1063"},"modified":"2025-03-10T04:43:11","modified_gmt":"2025-03-10T04:43:11","slug":"gestion-de-cookies","status":"publish","type":"page","link":"https:\/\/confluence-perou.com\/en\/gestion-de-cookies\/","title":{"rendered":"Cookie Management"},"content":{"rendered":"<div data-elementor-type=\"wp-page\" data-elementor-id=\"1063\" class=\"elementor elementor-1063\" data-elementor-post-type=\"page\">\n\t\t\t\t<div class=\"elementor-element elementor-element-a46aaf3 e-flex e-con-boxed e-con e-parent\" data-id=\"a46aaf3\" data-element_type=\"container\" data-e-type=\"container\" data-settings=\"{&quot;background_background&quot;:&quot;classic&quot;}\">\n\t\t\t\t\t<div class=\"e-con-inner\">\n\t\t\t\t\t<\/div>\n\t\t\t\t<\/div>\n\t\t<div class=\"elementor-element elementor-element-8c1f240 e-flex e-con-boxed e-con e-parent\" data-id=\"8c1f240\" data-element_type=\"container\" data-e-type=\"container\">\n\t\t\t\t\t<div class=\"e-con-inner\">\n\t\t\t\t<div class=\"elementor-element elementor-element-d4a1d17 elementor-widget elementor-widget-text-editor\" data-id=\"d4a1d17\" data-element_type=\"widget\" data-e-type=\"widget\" data-widget_type=\"text-editor.default\">\n\t\t\t\t<div class=\"elementor-widget-container\">\n\t\t\t\t\t\t\t\t\t<h1 data-pm-slice=\"1 1 []\"><span style=\"color: #000000;\"><strong>Cookie management<\/strong><\/span><\/h1><p>When you browse the site <strong>Confluence Peru<\/strong>, cookies may be placed on your device (computer, tablet or smartphone). This section informs you about the use of cookies and how you can manage them.<\/p><h3>What is a cookie?<\/h3><p>A cookie is a small text file stored on your device when you visit a website. It allows us to collect information about your browsing in order to improve your user experience and provide services tailored to your preferences.<\/p><h3>Types of cookies used<\/h3><p>We use different types of cookies on our site:<\/p><ul data-spread=\"false\"><li><p><strong>Essential cookies<\/strong> : These cookies are necessary for the proper functioning of the site and cannot be disabled. They allow, for example, to keep your session active.<\/p><\/li><li><p><strong>Analytical cookies<\/strong> : These cookies help us understand how visitors interact with our website by collecting and reporting anonymous data. They enable us to continually improve our services.<\/p><\/li><li><p><strong>Personalization cookies<\/strong> : They make your navigation easier by remembering your preferences (language, region, etc.).<\/p><\/li><li><p><strong>Advertising cookies<\/strong> : These cookies are used to offer you personalized content and advertising based on your interests.<\/p><\/li><\/ul><h3>Cookie management<\/h3><p>You can manage your cookie preferences at any time:<\/p><ul data-spread=\"false\"><li><p>By setting your browser to accept or refuse cookies.<\/p><\/li><li><p>By using our cookie management tool available on the site.<\/p><\/li><li><p>By deleting cookies already saved via your browser settings.<\/p><\/li><\/ul><p>Please note that refusing certain cookies may affect the proper functioning of the site and limit certain functionalities.<\/p><h3>Contact<\/h3><p>For any questions regarding our cookie management policy, you can contact us at the following address: <strong>charles@confluence-perou.com<\/strong>.<\/p><p>By continuing to browse our site, you accept the use of cookies in accordance with our privacy policy.<\/p>\t\t\t\t\t\t\t\t<\/div>\n\t\t\t\t<\/div>\n\t\t\t\t\t<\/div>\n\t\t\t\t<\/div>\n\t\t\t\t<\/div>","protected":false},"excerpt":{"rendered":"<p>Gestion des cookies Lors de votre navigation sur le site Confluence P\u00e9rou, des cookies peuvent \u00eatre d\u00e9pos\u00e9s sur votre appareil [&hellip;]<\/p>\n","protected":false},"author":2,"featured_media":0,"parent":0,"menu_order":0,"comment_status":"closed","ping_status":"closed","template":"","meta":{"_acf_changed":false,"site-sidebar-layout":"no-sidebar","site-content-layout":"","ast-site-content-layout":"full-width-container","site-content-style":"default","site-sidebar-style":"default","ast-global-header-display":"","ast-banner-title-visibility":"","ast-main-header-display":"","ast-hfb-above-header-display":"","ast-hfb-below-header-display":"","ast-hfb-mobile-header-display":"","site-post-title":"disabled","ast-breadcrumbs-content":"","ast-featured-img":"disabled","footer-sml-layout":"","ast-disable-related-posts":"","theme-transparent-header-meta":"","adv-header-id-meta":"","stick-header-meta":"","header-above-stick-meta":"","header-main-stick-meta":"","header-below-stick-meta":"","astra-migrate-meta-layouts":"default","ast-page-background-enabled":"default","ast-page-background-meta":{"desktop":{"background-color":"var(--ast-global-color-5)","background-image":"","background-repeat":"repeat","background-position":"center center","background-size":"auto","background-attachment":"scroll","background-type":"","background-media":"","overlay-type":"","overlay-color":"","overlay-opacity":"","overlay-gradient":""},"tablet":{"background-color":"","background-image":"","background-repeat":"repeat","background-position":"center center","background-size":"auto","background-attachment":"scroll","background-type":"","background-media":"","overlay-type":"","overlay-color":"","overlay-opacity":"","overlay-gradient":""},"mobile":{"background-color":"","background-image":"","background-repeat":"repeat","background-position":"center center","background-size":"auto","background-attachment":"scroll","background-type":"","background-media":"","overlay-type":"","overlay-color":"","overlay-opacity":"","overlay-gradient":""}},"ast-content-background-meta":{"desktop":{"background-color":"var(--ast-global-color-4)","background-image":"","background-repeat":"repeat","background-position":"center center","background-size":"auto","background-attachment":"scroll","background-type":"","background-media":"","overlay-type":"","overlay-color":"","overlay-opacity":"","overlay-gradient":""},"tablet":{"background-color":"var(--ast-global-color-4)","background-image":"","background-repeat":"repeat","background-position":"center center","background-size":"auto","background-attachment":"scroll","background-type":"","background-media":"","overlay-type":"","overlay-color":"","overlay-opacity":"","overlay-gradient":""},"mobile":{"background-color":"var(--ast-global-color-4)","background-image":"","background-repeat":"repeat","background-position":"center center","background-size":"auto","background-attachment":"scroll","background-type":"","background-media":"","overlay-type":"","overlay-color":"","overlay-opacity":"","overlay-gradient":""}},"footnotes":""},"class_list":["post-1063","page","type-page","status-publish","hentry"],"acf":[],"_links":{"self":[{"href":"https:\/\/confluence-perou.com\/en\/wp-json\/wp\/v2\/pages\/1063","targetHints":{"allow":["GET"]}}],"collection":[{"href":"https:\/\/confluence-perou.com\/en\/wp-json\/wp\/v2\/pages"}],"about":[{"href":"https:\/\/confluence-perou.com\/en\/wp-json\/wp\/v2\/types\/page"}],"author":[{"embeddable":true,"href":"https:\/\/confluence-perou.com\/en\/wp-json\/wp\/v2\/users\/2"}],"replies":[{"embeddable":true,"href":"https:\/\/confluence-perou.com\/en\/wp-json\/wp\/v2\/comments?post=1063"}],"version-history":[{"count":19,"href":"https:\/\/confluence-perou.com\/en\/wp-json\/wp\/v2\/pages\/1063\/revisions"}],"predecessor-version":[{"id":4003,"href":"https:\/\/confluence-perou.com\/en\/wp-json\/wp\/v2\/pages\/1063\/revisions\/4003"}],"wp:attachment":[{"href":"https:\/\/confluence-perou.com\/en\/wp-json\/wp\/v2\/media?parent=1063"}],"curies":[{"name":"wp","href":"https:\/\/api.w.org\/{rel}","templated":true}]}}