{"id":1041,"date":"2025-01-27T21:07:46","date_gmt":"2025-01-27T21:07:46","guid":{"rendered":"https:\/\/confluence-perou.com\/?page_id=1041"},"modified":"2025-03-20T22:38:21","modified_gmt":"2025-03-20T22:38:21","slug":"menciones-legales","status":"publish","type":"page","link":"https:\/\/confluence-perou.com\/en\/menciones-legales\/","title":{"rendered":"Legal notices"},"content":{"rendered":"<div data-elementor-type=\"wp-page\" data-elementor-id=\"1041\" class=\"elementor elementor-1041\" data-elementor-post-type=\"page\">\n\t\t\t\t<div class=\"elementor-element elementor-element-a46aaf3 e-flex e-con-boxed e-con e-parent\" data-id=\"a46aaf3\" data-element_type=\"container\" data-e-type=\"container\" data-settings=\"{&quot;background_background&quot;:&quot;classic&quot;}\">\n\t\t\t\t\t<div class=\"e-con-inner\">\n\t\t\t\t\t<\/div>\n\t\t\t\t<\/div>\n\t\t<div class=\"elementor-element elementor-element-8c1f240 e-flex e-con-boxed e-con e-parent\" data-id=\"8c1f240\" data-element_type=\"container\" data-e-type=\"container\">\n\t\t\t\t\t<div class=\"e-con-inner\">\n\t\t\t\t<div class=\"elementor-element elementor-element-d4a1d17 elementor-widget elementor-widget-text-editor\" data-id=\"d4a1d17\" data-element_type=\"widget\" data-e-type=\"widget\" data-widget_type=\"text-editor.default\">\n\t\t\t\t<div class=\"elementor-widget-container\">\n\t\t\t\t\t\t\t\t\t<h1>Legal Notices<\/h1><h2>Company Information<\/h2><p><strong>Company name:<\/strong> Confluence Peru<\/p><p><strong>Legal status :<\/strong> Simplified Joint Stock Company (SAS)<\/p><p><strong>Head office:<\/strong> 60 rue Fran\u00e7ois 1er, 75008 Paris<\/p><p><strong>Capital social :<\/strong> 10,000 euros<\/p><p><strong>Registration number:<\/strong> 938 211 059 R.C.S. Paris<\/p><p><strong>Place of registration:<\/strong> Paris<\/p><p><strong>Responsible for the publication:<\/strong> Geraldine Bastide<\/p><p><strong>Contact :<\/strong> <a href=\"mailto:geraldine@confluence-perou.com\">geraldine@confluence-perou.com<\/a> | +33 7 81 74 77 97<\/p><h2>Host Information<\/h2><p><strong>Host:<\/strong> Cat Agency<\/p><p><strong>Host address:<\/strong> Av. Brazil No. 2475, Jesus Mary \u2013 Lima, Peru<\/p><p><strong>Host phone number:<\/strong> +51 946 380 310<\/p><h2>About Confluence Peru<\/h2><p>Confluence Peru is a company that offers tourist tours and an online store. From its website, Confluence Peru offers Internet users the following services:<\/p><ul><li>Information, advice and practical data<\/li><li>Promotion of authentic tourist programs in collaboration with local agencies in Peru<\/li><li>Connecting with local agencies to create personalized trips<\/li><li>System for sending data and information to selected contacts and partners<\/li><li>Secure payment system for local agencies<\/li><li>Advice for the development of personalized itineraries in Peru<\/li><li>Sale of Peruvian products<\/li><\/ul><h2>Intellectual Property<\/h2><p>All contents of the site (texts, images, videos, graphics, logos, etc.) are protected by current intellectual property legislation. Confluence is the owner or holds the rights to use these elements. Any reproduction, modification, distribution or use without prior written permission is strictly prohibited.<\/p><h2>Data Protection (GDPR Compliance)<\/h2><p>In accordance with the General Data Protection Regulation (GDPR), Confluence Peru is committed to protecting the personal data of users of its site.<\/p><p><strong>Data controller:<\/strong> Charles BASTIDE<\/p><p><strong>Purpose of processing:<\/strong> Gestion des commandes, service client, envoi de newsletters.<\/p><p>Les utilisateurs disposent d\u2019un droit d\u2019acc\u00e8s, de rectification, de suppression et de portabilit\u00e9 de leurs donn\u00e9es en contactant : <a href=\"mailto:charles@confluence-perou.com\">charles@confluence-perou.com<\/a><\/p><h2>Disclaimer<\/h2><p>Confluence strives to provide accurate and up-to-date information on its site, but assumes no liability for errors or omissions. The company cannot be held liable for any damages related to the use of the site or hyperlinks to third-party sites.<\/p><h2>Applicable Law and Jurisdiction<\/h2><p>This legal notice is governed by <strong>French legislation<\/strong>. In the event of a dispute, the competent courts will be those falling within the <strong>Confluence Peru Headquarters<\/strong>.<\/p>\t\t\t\t\t\t\t\t<\/div>\n\t\t\t\t<\/div>\n\t\t\t\t\t<\/div>\n\t\t\t\t<\/div>\n\t\t\t\t<\/div>","protected":false},"excerpt":{"rendered":"<p>Mentions L\u00e9gales Informations sur l\u2019Entreprise D\u00e9nomination sociale : Confluence P\u00e9rou Forme juridique : Soci\u00e9t\u00e9 par Actions Simplifi\u00e9e (SAS) Si\u00e8ge social [&hellip;]<\/p>\n","protected":false},"author":2,"featured_media":0,"parent":0,"menu_order":0,"comment_status":"closed","ping_status":"closed","template":"","meta":{"_acf_changed":false,"site-sidebar-layout":"no-sidebar","site-content-layout":"","ast-site-content-layout":"full-width-container","site-content-style":"default","site-sidebar-style":"default","ast-global-header-display":"","ast-banner-title-visibility":"","ast-main-header-display":"","ast-hfb-above-header-display":"","ast-hfb-below-header-display":"","ast-hfb-mobile-header-display":"","site-post-title":"disabled","ast-breadcrumbs-content":"","ast-featured-img":"disabled","footer-sml-layout":"","ast-disable-related-posts":"","theme-transparent-header-meta":"","adv-header-id-meta":"","stick-header-meta":"","header-above-stick-meta":"","header-main-stick-meta":"","header-below-stick-meta":"","astra-migrate-meta-layouts":"default","ast-page-background-enabled":"default","ast-page-background-meta":{"desktop":{"background-color":"var(--ast-global-color-5)","background-image":"","background-repeat":"repeat","background-position":"center center","background-size":"auto","background-attachment":"scroll","background-type":"","background-media":"","overlay-type":"","overlay-color":"","overlay-opacity":"","overlay-gradient":""},"tablet":{"background-color":"","background-image":"","background-repeat":"repeat","background-position":"center center","background-size":"auto","background-attachment":"scroll","background-type":"","background-media":"","overlay-type":"","overlay-color":"","overlay-opacity":"","overlay-gradient":""},"mobile":{"background-color":"","background-image":"","background-repeat":"repeat","background-position":"center center","background-size":"auto","background-attachment":"scroll","background-type":"","background-media":"","overlay-type":"","overlay-color":"","overlay-opacity":"","overlay-gradient":""}},"ast-content-background-meta":{"desktop":{"background-color":"var(--ast-global-color-4)","background-image":"","background-repeat":"repeat","background-position":"center center","background-size":"auto","background-attachment":"scroll","background-type":"","background-media":"","overlay-type":"","overlay-color":"","overlay-opacity":"","overlay-gradient":""},"tablet":{"background-color":"var(--ast-global-color-4)","background-image":"","background-repeat":"repeat","background-position":"center center","background-size":"auto","background-attachment":"scroll","background-type":"","background-media":"","overlay-type":"","overlay-color":"","overlay-opacity":"","overlay-gradient":""},"mobile":{"background-color":"var(--ast-global-color-4)","background-image":"","background-repeat":"repeat","background-position":"center center","background-size":"auto","background-attachment":"scroll","background-type":"","background-media":"","overlay-type":"","overlay-color":"","overlay-opacity":"","overlay-gradient":""}},"footnotes":""},"class_list":["post-1041","page","type-page","status-publish","hentry"],"acf":[],"_links":{"self":[{"href":"https:\/\/confluence-perou.com\/en\/wp-json\/wp\/v2\/pages\/1041","targetHints":{"allow":["GET"]}}],"collection":[{"href":"https:\/\/confluence-perou.com\/en\/wp-json\/wp\/v2\/pages"}],"about":[{"href":"https:\/\/confluence-perou.com\/en\/wp-json\/wp\/v2\/types\/page"}],"author":[{"embeddable":true,"href":"https:\/\/confluence-perou.com\/en\/wp-json\/wp\/v2\/users\/2"}],"replies":[{"embeddable":true,"href":"https:\/\/confluence-perou.com\/en\/wp-json\/wp\/v2\/comments?post=1041"}],"version-history":[{"count":32,"href":"https:\/\/confluence-perou.com\/en\/wp-json\/wp\/v2\/pages\/1041\/revisions"}],"predecessor-version":[{"id":3991,"href":"https:\/\/confluence-perou.com\/en\/wp-json\/wp\/v2\/pages\/1041\/revisions\/3991"}],"wp:attachment":[{"href":"https:\/\/confluence-perou.com\/en\/wp-json\/wp\/v2\/media?parent=1041"}],"curies":[{"name":"wp","href":"https:\/\/api.w.org\/{rel}","templated":true}]}}